{"id":2,"date":"2025-06-19T16:39:29","date_gmt":"2025-06-19T14:39:29","guid":{"rendered":"https:\/\/miguelhuertaspianista.adrirodrigoj4.es\/?page_id=2"},"modified":"2026-01-19T17:25:42","modified_gmt":"2026-01-19T16:25:42","slug":"pagina-ejemplo","status":"publish","type":"page","link":"https:\/\/miguelhuertaspianista.adrirodrigoj4.es\/en\/","title":{"rendered":"Home"},"content":{"rendered":"<style>.elementor-2 .elementor-element.elementor-element-7c9de522 > .elementor-container{min-height:242px;}.elementor-2 .elementor-element.elementor-element-7c9de522 > .elementor-background-overlay{background-color:#000000;opacity:0.6;transition:background 0.3s, border-radius 0.3s, opacity 0.3s;}.elementor-2 .elementor-element.elementor-element-7c9de522{transition:background 0.3s, border 0.3s, border-radius 0.3s, box-shadow 0.3s;padding:20em 0em 02em 0em;}.elementor-2 .elementor-element.elementor-element-7254ca9{--display:flex;--flex-direction:column;--container-widget-width:100%;--container-widget-height:initial;--container-widget-flex-grow:0;--container-widget-align-self:initial;--flex-wrap-mobile:wrap;--padding-top:36px;--padding-bottom:75px;--padding-left:0px;--padding-right:0px;}.elementor-2 .elementor-element.elementor-element-4b2ef4e{text-align:center;}.elementor-2 .elementor-element.elementor-element-4b2ef4e .elementor-heading-title{font-size:20px;}:root{--page-title-display:none;}@media(max-width:1024px){.elementor-2 .elementor-element.elementor-element-7c9de522 > .elementor-container{min-height:0px;}}@media(max-width:767px){.elementor-2 .elementor-element.elementor-element-7c9de522 > .elementor-container{min-height:500px;}.elementor-2 .elementor-element.elementor-element-7c9de522{padding:0em 0em 0em 0em;}}<\/style>\t\t<div data-elementor-type=\"wp-page\" data-elementor-id=\"2\" class=\"elementor elementor-2\" data-elementor-post-type=\"page\">\n\t\t\t\t\t\t<section class=\"elementor-section elementor-top-section elementor-element elementor-element-7c9de522 elementor-section-height-min-height elementor-section-boxed elementor-section-height-default elementor-section-items-middle\" data-id=\"7c9de522\" data-element_type=\"section\" data-e-type=\"section\" data-settings=\"{&quot;background_background&quot;:&quot;slideshow&quot;,&quot;background_slideshow_gallery&quot;:[{&quot;id&quot;:966,&quot;url&quot;:&quot;https:\\\/\\\/miguelhuertaspianista.adrirodrigoj4.es\\\/wp-content\\\/uploads\\\/2026\\\/01\\\/Miguel-Huertas-Camacho_5588-\\u00a9_carlosluque_-scaled.webp&quot;},{&quot;id&quot;:993,&quot;url&quot;:&quot;https:\\\/\\\/miguelhuertaspianista.adrirodrigoj4.es\\\/wp-content\\\/uploads\\\/2026\\\/01\\\/Miguel-Huertas-Camacho_9297-\\u00a9_carlosluque_2-scaled.webp&quot;},{&quot;id&quot;:994,&quot;url&quot;:&quot;https:\\\/\\\/miguelhuertaspianista.adrirodrigoj4.es\\\/wp-content\\\/uploads\\\/2026\\\/01\\\/Miguel-Huertas-Camacho_9562-\\u00a9_carlosluque_-scaled.webp&quot;},{&quot;id&quot;:995,&quot;url&quot;:&quot;https:\\\/\\\/miguelhuertaspianista.adrirodrigoj4.es\\\/wp-content\\\/uploads\\\/2026\\\/01\\\/Miguel-Huertas-Camacho_8013-\\u00a9_carlosluque_-scaled.webp&quot;},{&quot;id&quot;:996,&quot;url&quot;:&quot;https:\\\/\\\/miguelhuertaspianista.adrirodrigoj4.es\\\/wp-content\\\/uploads\\\/2026\\\/01\\\/Miguel-Huertas-Camacho_8125-\\u00a9_carlosluque_-scaled.webp&quot;},{&quot;id&quot;:997,&quot;url&quot;:&quot;https:\\\/\\\/miguelhuertaspianista.adrirodrigoj4.es\\\/wp-content\\\/uploads\\\/2026\\\/01\\\/Miguel-Huertas-Camacho_7027-\\u00a9_carlosluque_-scaled.webp&quot;},{&quot;id&quot;:998,&quot;url&quot;:&quot;https:\\\/\\\/miguelhuertaspianista.adrirodrigoj4.es\\\/wp-content\\\/uploads\\\/2026\\\/01\\\/Miguel-Huertas-Camacho_7783-\\u00a9_carlosluque_-scaled.webp&quot;},{&quot;id&quot;:999,&quot;url&quot;:&quot;https:\\\/\\\/miguelhuertaspianista.adrirodrigoj4.es\\\/wp-content\\\/uploads\\\/2026\\\/01\\\/Miguel-Huertas-Camacho_8079-\\u00a9_carlosluque_-scaled.webp&quot;},{&quot;id&quot;:1000,&quot;url&quot;:&quot;https:\\\/\\\/miguelhuertaspianista.adrirodrigoj4.es\\\/wp-content\\\/uploads\\\/2026\\\/01\\\/Miguel-Huertas-Camacho_9336-\\u00a9_carlosluque_-scaled.webp&quot;}],&quot;background_slideshow_loop&quot;:&quot;yes&quot;,&quot;background_slideshow_slide_duration&quot;:5000,&quot;background_slideshow_slide_transition&quot;:&quot;fade&quot;,&quot;background_slideshow_transition_duration&quot;:500}\">\n\t\t\t\t\t\t\t<div class=\"elementor-background-overlay\"><\/div>\n\t\t\t\t\t\t\t<div class=\"elementor-container elementor-column-gap-default\">\n\t\t\t\t\t<div class=\"elementor-column elementor-col-100 elementor-top-column elementor-element elementor-element-4c5489c\" data-id=\"4c5489c\" data-element_type=\"column\" data-e-type=\"column\">\n\t\t\t<div class=\"elementor-widget-wrap\">\n\t\t\t\t\t\t\t<\/div>\n\t\t<\/div>\n\t\t\t\t\t<\/div>\n\t\t<\/section>\n\t\t<div class=\"elementor-element elementor-element-7254ca9 elementor-hidden-desktop elementor-hidden-tablet elementor-hidden-mobile e-flex e-con-boxed e-con e-parent\" data-id=\"7254ca9\" data-element_type=\"container\" data-e-type=\"container\">\n\t\t\t\t\t<div class=\"e-con-inner\">\n\t\t\t\t<div class=\"elementor-element elementor-element-4b2ef4e elementor-widget elementor-widget-heading\" data-id=\"4b2ef4e\" data-element_type=\"widget\" data-e-type=\"widget\" data-widget_type=\"heading.default\">\n\t\t\t\t\t<h2 class=\"elementor-heading-title elementor-size-default\">Subscr\u00edbete a la comunidad de Miguel Huertas Camacho y no te pierdas ninguna novedad<\/h2>\t\t\t\t<\/div>\n\t\t\t\t\t<\/div>\n\t\t\t\t<\/div>\n\t\t\t\t<\/div>\n\t\t","protected":false},"excerpt":{"rendered":"<p>Subscr\u00edbete a la comunidad de Miguel Huertas Camacho y no te pierdas ninguna novedad<\/p>","protected":false},"author":2,"featured_media":0,"parent":0,"menu_order":0,"comment_status":"closed","ping_status":"open","template":"elementor_header_footer","meta":{"footnotes":""},"categoria-pagina":[],"class_list":["post-2","page","type-page","status-publish","hentry"],"yoast_head":"<!-- This site is optimized with the Yoast SEO plugin v27.4 - https:\/\/yoast.com\/product\/yoast-seo-wordpress\/ -->\n<title>Pianista y Compositor - Miguel Huertas Camacho<\/title>\n<meta name=\"description\" content=\"Descubre el universo musical de Miguel Huertas Camacho. Int\u00e9rprete y compositor con servicios para m\u00fasicos, cantantes y artes esc\u00e9nicas.\" \/>\n<meta name=\"robots\" content=\"noindex, follow, max-snippet:-1, max-image-preview:large, max-video-preview:-1\" \/>\n<meta property=\"og:locale\" content=\"en_US\" \/>\n<meta property=\"og:type\" content=\"article\" \/>\n<meta property=\"og:title\" content=\"Pianista y Compositor - Miguel Huertas Camacho\" \/>\n<meta property=\"og:description\" content=\"Descubre el universo musical de Miguel Huertas Camacho. Int\u00e9rprete y compositor con servicios para m\u00fasicos, cantantes y artes esc\u00e9nicas.\" \/>\n<meta property=\"og:url\" content=\"https:\/\/miguelhuertaspianista.adrirodrigoj4.es\/en\/\" \/>\n<meta property=\"og:site_name\" content=\"Miguel Huertas Pianista\" \/>\n<meta property=\"article:modified_time\" content=\"2026-01-19T16:25:42+00:00\" \/>\n<meta name=\"twitter:card\" content=\"summary_large_image\" \/>\n<meta name=\"twitter:label1\" content=\"Est. reading time\" \/>\n\t<meta name=\"twitter:data1\" content=\"1 minute\" \/>\n<script type=\"application\/ld+json\" class=\"yoast-schema-graph\">{\"@context\":\"https:\\\/\\\/schema.org\",\"@graph\":[{\"@type\":\"WebPage\",\"@id\":\"https:\\\/\\\/miguelhuertaspianista.adrirodrigoj4.es\\\/\",\"url\":\"https:\\\/\\\/miguelhuertaspianista.adrirodrigoj4.es\\\/\",\"name\":\"Pianista y Compositor - Miguel Huertas Camacho\",\"isPartOf\":{\"@id\":\"https:\\\/\\\/miguelhuertaspianista.adrirodrigoj4.es\\\/#website\"},\"datePublished\":\"2025-06-19T14:39:29+00:00\",\"dateModified\":\"2026-01-19T16:25:42+00:00\",\"description\":\"Descubre el universo musical de Miguel Huertas Camacho. Int\u00e9rprete y compositor con servicios para m\u00fasicos, cantantes y artes esc\u00e9nicas.\",\"breadcrumb\":{\"@id\":\"https:\\\/\\\/miguelhuertaspianista.adrirodrigoj4.es\\\/#breadcrumb\"},\"inLanguage\":\"en-US\",\"potentialAction\":[{\"@type\":\"ReadAction\",\"target\":[\"https:\\\/\\\/miguelhuertaspianista.adrirodrigoj4.es\\\/\"]}]},{\"@type\":\"BreadcrumbList\",\"@id\":\"https:\\\/\\\/miguelhuertaspianista.adrirodrigoj4.es\\\/#breadcrumb\",\"itemListElement\":[{\"@type\":\"ListItem\",\"position\":1,\"name\":\"Portada\",\"item\":\"https:\\\/\\\/miguelhuertaspianista.adrirodrigoj4.es\\\/\"},{\"@type\":\"ListItem\",\"position\":2,\"name\":\"Inicio\"}]},{\"@type\":\"WebSite\",\"@id\":\"https:\\\/\\\/miguelhuertaspianista.adrirodrigoj4.es\\\/#website\",\"url\":\"https:\\\/\\\/miguelhuertaspianista.adrirodrigoj4.es\\\/\",\"name\":\"Miguel Huertas Pianista\",\"description\":\"\",\"publisher\":{\"@id\":\"https:\\\/\\\/miguelhuertaspianista.adrirodrigoj4.es\\\/#organization\"},\"potentialAction\":[{\"@type\":\"SearchAction\",\"target\":{\"@type\":\"EntryPoint\",\"urlTemplate\":\"https:\\\/\\\/miguelhuertaspianista.adrirodrigoj4.es\\\/?s={search_term_string}\"},\"query-input\":{\"@type\":\"PropertyValueSpecification\",\"valueRequired\":true,\"valueName\":\"search_term_string\"}}],\"inLanguage\":\"en-US\"},{\"@type\":\"Organization\",\"@id\":\"https:\\\/\\\/miguelhuertaspianista.adrirodrigoj4.es\\\/#organization\",\"name\":\"Miguel Huertas Pianista\",\"url\":\"https:\\\/\\\/miguelhuertaspianista.adrirodrigoj4.es\\\/\",\"logo\":{\"@type\":\"ImageObject\",\"inLanguage\":\"en-US\",\"@id\":\"https:\\\/\\\/miguelhuertaspianista.adrirodrigoj4.es\\\/#\\\/schema\\\/logo\\\/image\\\/\",\"url\":\"https:\\\/\\\/miguelhuertaspianista.adrirodrigoj4.es\\\/wp-content\\\/uploads\\\/2025\\\/12\\\/mhc.webp\",\"contentUrl\":\"https:\\\/\\\/miguelhuertaspianista.adrirodrigoj4.es\\\/wp-content\\\/uploads\\\/2025\\\/12\\\/mhc.webp\",\"width\":500,\"height\":500,\"caption\":\"Miguel Huertas Pianista\"},\"image\":{\"@id\":\"https:\\\/\\\/miguelhuertaspianista.adrirodrigoj4.es\\\/#\\\/schema\\\/logo\\\/image\\\/\"}}]}<\/script>\n<!-- \/ Yoast SEO plugin. -->","yoast_head_json":{"title":"Pianista y Compositor - Miguel Huertas Camacho","description":"Descubre el universo musical de Miguel Huertas Camacho. Int\u00e9rprete y compositor con servicios para m\u00fasicos, cantantes y artes esc\u00e9nicas.","robots":{"index":"noindex","follow":"follow","max-snippet":"max-snippet:-1","max-image-preview":"max-image-preview:large","max-video-preview":"max-video-preview:-1"},"og_locale":"en_US","og_type":"article","og_title":"Pianista y Compositor - Miguel Huertas Camacho","og_description":"Descubre el universo musical de Miguel Huertas Camacho. Int\u00e9rprete y compositor con servicios para m\u00fasicos, cantantes y artes esc\u00e9nicas.","og_url":"https:\/\/miguelhuertaspianista.adrirodrigoj4.es\/en\/","og_site_name":"Miguel Huertas Pianista","article_modified_time":"2026-01-19T16:25:42+00:00","twitter_card":"summary_large_image","twitter_misc":{"Est. reading time":"1 minute"},"schema":{"@context":"https:\/\/schema.org","@graph":[{"@type":"WebPage","@id":"https:\/\/miguelhuertaspianista.adrirodrigoj4.es\/","url":"https:\/\/miguelhuertaspianista.adrirodrigoj4.es\/","name":"Pianista y Compositor - Miguel Huertas Camacho","isPartOf":{"@id":"https:\/\/miguelhuertaspianista.adrirodrigoj4.es\/#website"},"datePublished":"2025-06-19T14:39:29+00:00","dateModified":"2026-01-19T16:25:42+00:00","description":"Descubre el universo musical de Miguel Huertas Camacho. Int\u00e9rprete y compositor con servicios para m\u00fasicos, cantantes y artes esc\u00e9nicas.","breadcrumb":{"@id":"https:\/\/miguelhuertaspianista.adrirodrigoj4.es\/#breadcrumb"},"inLanguage":"en-US","potentialAction":[{"@type":"ReadAction","target":["https:\/\/miguelhuertaspianista.adrirodrigoj4.es\/"]}]},{"@type":"BreadcrumbList","@id":"https:\/\/miguelhuertaspianista.adrirodrigoj4.es\/#breadcrumb","itemListElement":[{"@type":"ListItem","position":1,"name":"Portada","item":"https:\/\/miguelhuertaspianista.adrirodrigoj4.es\/"},{"@type":"ListItem","position":2,"name":"Inicio"}]},{"@type":"WebSite","@id":"https:\/\/miguelhuertaspianista.adrirodrigoj4.es\/#website","url":"https:\/\/miguelhuertaspianista.adrirodrigoj4.es\/","name":"Miguel Huertas Pianista","description":"","publisher":{"@id":"https:\/\/miguelhuertaspianista.adrirodrigoj4.es\/#organization"},"potentialAction":[{"@type":"SearchAction","target":{"@type":"EntryPoint","urlTemplate":"https:\/\/miguelhuertaspianista.adrirodrigoj4.es\/?s={search_term_string}"},"query-input":{"@type":"PropertyValueSpecification","valueRequired":true,"valueName":"search_term_string"}}],"inLanguage":"en-US"},{"@type":"Organization","@id":"https:\/\/miguelhuertaspianista.adrirodrigoj4.es\/#organization","name":"Miguel Huertas Pianista","url":"https:\/\/miguelhuertaspianista.adrirodrigoj4.es\/","logo":{"@type":"ImageObject","inLanguage":"en-US","@id":"https:\/\/miguelhuertaspianista.adrirodrigoj4.es\/#\/schema\/logo\/image\/","url":"https:\/\/miguelhuertaspianista.adrirodrigoj4.es\/wp-content\/uploads\/2025\/12\/mhc.webp","contentUrl":"https:\/\/miguelhuertaspianista.adrirodrigoj4.es\/wp-content\/uploads\/2025\/12\/mhc.webp","width":500,"height":500,"caption":"Miguel Huertas Pianista"},"image":{"@id":"https:\/\/miguelhuertaspianista.adrirodrigoj4.es\/#\/schema\/logo\/image\/"}}]}},"_links":{"self":[{"href":"https:\/\/miguelhuertaspianista.adrirodrigoj4.es\/en\/wp-json\/wp\/v2\/pages\/2","targetHints":{"allow":["GET"]}}],"collection":[{"href":"https:\/\/miguelhuertaspianista.adrirodrigoj4.es\/en\/wp-json\/wp\/v2\/pages"}],"about":[{"href":"https:\/\/miguelhuertaspianista.adrirodrigoj4.es\/en\/wp-json\/wp\/v2\/types\/page"}],"author":[{"embeddable":true,"href":"https:\/\/miguelhuertaspianista.adrirodrigoj4.es\/en\/wp-json\/wp\/v2\/users\/2"}],"replies":[{"embeddable":true,"href":"https:\/\/miguelhuertaspianista.adrirodrigoj4.es\/en\/wp-json\/wp\/v2\/comments?post=2"}],"version-history":[{"count":86,"href":"https:\/\/miguelhuertaspianista.adrirodrigoj4.es\/en\/wp-json\/wp\/v2\/pages\/2\/revisions"}],"predecessor-version":[{"id":1446,"href":"https:\/\/miguelhuertaspianista.adrirodrigoj4.es\/en\/wp-json\/wp\/v2\/pages\/2\/revisions\/1446"}],"wp:attachment":[{"href":"https:\/\/miguelhuertaspianista.adrirodrigoj4.es\/en\/wp-json\/wp\/v2\/media?parent=2"}],"wp:term":[{"taxonomy":"categoria-pagina","embeddable":true,"href":"https:\/\/miguelhuertaspianista.adrirodrigoj4.es\/en\/wp-json\/wp\/v2\/categoria-pagina?post=2"}],"curies":[{"name":"wp","href":"https:\/\/api.w.org\/{rel}","templated":true}]}}