{"id":615,"date":"2025-12-19T04:02:19","date_gmt":"2025-12-19T03:02:19","guid":{"rendered":"https:\/\/miguelhuertaspianista.adrirodrigoj4.es\/?page_id=615"},"modified":"2026-02-06T21:14:03","modified_gmt":"2026-02-06T20:14:03","slug":"sobre-mi","status":"publish","type":"page","link":"https:\/\/miguelhuertaspianista.adrirodrigoj4.es\/en\/sobre-mi\/","title":{"rendered":"Bio"},"content":{"rendered":"<style>.elementor-615 .elementor-element.elementor-element-194ea5d{--display:flex;--min-height:856px;--flex-direction:row;--container-widget-width:initial;--container-widget-height:100%;--container-widget-flex-grow:1;--container-widget-align-self:stretch;--flex-wrap-mobile:wrap;--gap:0px 0px;--row-gap:0px;--column-gap:0px;--margin-top:0px;--margin-bottom:0px;--margin-left:0px;--margin-right:0px;--padding-top:200px;--padding-bottom:200px;--padding-left:0px;--padding-right:0px;}.elementor-615 .elementor-element.elementor-element-194ea5d:not(.elementor-motion-effects-element-type-background), .elementor-615 .elementor-element.elementor-element-194ea5d > .elementor-motion-effects-container > .elementor-motion-effects-layer{background-image:url(\"https:\/\/miguelhuertaspianista.adrirodrigoj4.es\/wp-content\/uploads\/2026\/01\/Miguel-Huertas-Camacho_7290-\u00a9_carlosluque_1-scaled.webp\");background-position:center center;background-size:cover;}.elementor-615 .elementor-element.elementor-element-b45839c{--display:flex;--flex-direction:column;--container-widget-width:100%;--container-widget-height:initial;--container-widget-flex-grow:0;--container-widget-align-self:initial;--flex-wrap-mobile:wrap;}.elementor-615 .elementor-element.elementor-element-00a9635{--display:flex;--flex-direction:column;--container-widget-width:100%;--container-widget-height:initial;--container-widget-flex-grow:0;--container-widget-align-self:initial;--flex-wrap-mobile:wrap;}.elementor-615 .elementor-element.elementor-element-b173b61{text-align:start;}.elementor-615 .elementor-element.elementor-element-b173b61 .elementor-heading-title{font-family:\"Helvetica\", Sans-serif;font-size:40px;font-weight:700;color:#FFFFFF;}.elementor-615 .elementor-element.elementor-element-d693c2a{text-align:start;}.elementor-615 .elementor-element.elementor-element-d693c2a .elementor-heading-title{font-family:\"Helvetica\", Sans-serif;font-size:26px;font-weight:400;font-style:italic;color:#FFFFFF;}.elementor-615 .elementor-element.elementor-element-5cce193{font-family:\"Helvetica\", Sans-serif;color:#FFFFFF;}.elementor-615 .elementor-element.elementor-element-2d3d443{--display:flex;--flex-direction:row;--container-widget-width:initial;--container-widget-height:100%;--container-widget-flex-grow:1;--container-widget-align-self:stretch;--flex-wrap-mobile:wrap;}.elementor-615 .elementor-element.elementor-element-77e43e1 .elementor-button{font-family:\"Helvetica\", Sans-serif;font-size:20px;font-weight:300;fill:#919191;color:#919191;background-color:#02010100;padding:16px 16px 16px 16px;}.elementor-615 .elementor-element.elementor-element-77e43e1{width:var( --container-widget-width, 31% );max-width:31%;--container-widget-width:31%;--container-widget-flex-grow:0;}.elementor-615 .elementor-element.elementor-element-0744207 .elementor-button{font-family:\"Helvetica\", Sans-serif;font-size:20px;font-weight:300;fill:#919191;color:#919191;background-color:#02010100;padding:16px 16px 16px 16px;}.elementor-615 .elementor-element.elementor-element-0744207{width:var( --container-widget-width, 31% );max-width:31%;--container-widget-width:31%;--container-widget-flex-grow:0;}.elementor-615 .elementor-element.elementor-element-8548919{font-family:\"Helvetica\", Sans-serif;font-size:20px;color:#919191;}.elementor-615 .elementor-element.elementor-element-7724555{width:var( --container-widget-width, 50% );max-width:50%;--container-widget-width:50%;--container-widget-flex-grow:0;}.elementor-615 .elementor-element.elementor-element-7724555.elementor-element{--align-self:center;}:root{--page-title-display:none;}@media(min-width:768px){.elementor-615 .elementor-element.elementor-element-b45839c{--width:50%;}.elementor-615 .elementor-element.elementor-element-00a9635{--width:50%;}}@media(max-width:1024px){.elementor-615 .elementor-element.elementor-element-b173b61 .elementor-heading-title{font-size:20px;}}@media(max-width:767px){.elementor-615 .elementor-element.elementor-element-b173b61 .elementor-heading-title{font-size:18px;}}\/* Start custom CSS for text-editor, class: .elementor-element-5cce193 *\/.texto {\r\n  max-height: 400px;      \/* altura m\u00e1xima visible *\/\r\n  overflow-y: auto;       \/* activa scroll vertical *\/\r\n  overflow-x: hidden;     \/* oculta scroll horizontal *\/\r\n  padding-right: 10px;    \/* espacio para que no tape el texto *\/\r\n}\/* End custom CSS *\/<\/style>\t\t<div data-elementor-type=\"wp-page\" data-elementor-id=\"615\" class=\"elementor elementor-615\" data-elementor-post-type=\"page\">\n\t\t\t\t<div class=\"elementor-element elementor-element-194ea5d e-flex e-con-boxed e-con e-parent\" data-id=\"194ea5d\" data-element_type=\"container\" data-e-type=\"container\" data-settings=\"{&quot;background_background&quot;:&quot;classic&quot;}\">\n\t\t\t\t\t<div class=\"e-con-inner\">\n\t\t<div class=\"elementor-element elementor-element-b45839c e-con-full e-flex e-con e-child\" data-id=\"b45839c\" data-element_type=\"container\" data-e-type=\"container\">\n\t\t\t\t<\/div>\n\t\t<div class=\"elementor-element elementor-element-00a9635 e-con-full e-flex e-con e-child\" data-id=\"00a9635\" data-element_type=\"container\" data-e-type=\"container\">\n\t\t\t\t<div class=\"elementor-element elementor-element-b173b61 elementor-widget elementor-widget-heading\" data-id=\"b173b61\" data-element_type=\"widget\" data-e-type=\"widget\" data-widget_type=\"heading.default\">\n\t\t\t\t\t<h2 class=\"elementor-heading-title elementor-size-default\">Miguel Huertas-Camacho<\/h2>\t\t\t\t<\/div>\n\t\t\t\t<div class=\"elementor-element elementor-element-d693c2a elementor-widget elementor-widget-heading\" data-id=\"d693c2a\" data-element_type=\"widget\" data-e-type=\"widget\" data-widget_type=\"heading.default\">\n\t\t\t\t\t<h2 class=\"elementor-heading-title elementor-size-default\">Pianista y compositor<\/h2>\t\t\t\t<\/div>\n\t\t\t\t<div class=\"elementor-element elementor-element-5cce193 texto elementor-widget elementor-widget-text-editor\" data-id=\"5cce193\" data-element_type=\"widget\" data-e-type=\"widget\" id=\"texto\" data-widget_type=\"text-editor.default\">\n\t\t\t\t\t\t\t\t\t<p>M\u00fasico de origen manchego, recibi\u00f3 su formaci\u00f3n como pianista en Seattle con Maki Botkin y en Madrid con Guillermo Gonz\u00e1lez y Miguel Zanetti. En Viena estudi\u00f3 lied y correpetici\u00f3n, y en Par\u00eds recibi\u00f3 los consejos de No\u00ebl Lee, Jeff Cohen y el compositor Henri Dutilleux.<br>Finaliz\u00f3 sus estudios de organista en Madrid con \u00c1ngel Montero.<\/p>\n<p>Colabora con el Teatro Real desde 2002, donde aprendi\u00f3 el oficio de repetidor y continuista al clave y al fortepiano. Ha acompa\u00f1ado tres opera estudio del Teatro Real y las clases magistrales de Teresa<br>Berganza y Ra\u00fal Gim\u00e9nez en Espa\u00f1a, Ubaldo Gardini en Italia o Paul Hamburger en Austria. Igualmente imparte un seminario de zarzuela en Los \u00c1ngeles, Guadalajara (M\u00e9xico) y diferentes ciudades espa\u00f1olas con Nancy Fabiola Herrera. Imparte el taller de M\u00fasica Espa\u00f1ola en la Universidad de Nottingham durante 3 a\u00f1os.<br><br>En el campo del concierto, ha acompa\u00f1ado a infinidad de cantantes, como Piotr Beczala, Carlos&nbsp;\u00c1lvarez, Joan Pons, Aquiles Machado, Juan Antonio Sanabria, Enrique Viana, Manuel Lanza, Nancy Fabiola Herrera, Ana Ibarra, Mar\u00eda Jos\u00e9 Montiel, Ruth Iniesta, Sonia de Munck, Carmen Sol\u00eds, Isabel&nbsp;Rey o Diana Damrau en su recital de presentaci\u00f3n en Espa\u00f1a.<br><br>Ha actuado en el Teatro Nacional de Catar, Teatro S\u00e3o Pedro en S\u00e3o Paulo (Brasil), el Teatro Real y los Teatros del Canal en Madrid, el Teatro Arriaga de Bilbao, el Teatro de la Zarzuela, el Auditorio Nacional de M\u00fasica de Espa\u00f1a, la Royal Opera Muscat (Om\u00e1n), el Teatro de Bellas Artes de M\u00e9xico y la H. Universit\u00e4t de Viena, y en festivales como el MESS de Sarajevo, el FEX de Granada, la Quincena Musical de San Sebasti\u00e1n, el Verano Trecastagni de Sicilia, los festivales internacionales de Teatro Cl\u00e1sico de Almagro y de M\u00e9rida o la Semana de M\u00fasica Religiosa de Cuenca.<br><br>Debut\u00f3 en el Teatro de la Zarzuela como director musical de El d\u00fao de la africana en 2018. En 2023, dirigi\u00f3 en Londres el estreno absoluto de la \u00f3pera A&amp;E, de los creadores Muelas&amp;Ward. En la temporada 2024-2025, ha dirigido la \u00f3pera estudio en el Real del Retiro con el t\u00edtulo El ni\u00f1o y los sortilegios, de Ravel. En la actualidad, pueden verse varios espect\u00e1culos suyos en cartelera, como Una noche de zarzuela o Di\u00e1logos de oro, estrenado en el Teatro de la Zarzuela. Tanto la m\u00fasica como la direcci\u00f3n de ambos montajes llevan su firma.<br><br>Paralelamente, y en solitario, su gusto por la m\u00fasica antigua le ha llevado a profundizar en el estudio del repertorio para tecla de los siglos XV al XVIII, con especial atenci\u00f3n a las piezas para \u00f3rgano, que&nbsp;interpreta con regularidad en diferentes instrumentos hist\u00f3ricos de Espa\u00f1a.<br><br>Adem\u00e1s de su trayectoria como int\u00e9rprete y director, tambi\u00e9n ha explorado la faceta de compositor.<br>Su m\u00fasica ha formado parte de diferentes montajes esc\u00e9nicos, como La historia de Babar, en el Teatro Real de Madrid en 2018 o El sue\u00f1o de la vida, de Lorca\/Conejero, dirigido en el Teatro Espa\u00f1ol de Madrid por Llu\u00eds Pasqual. En la actualidad puede escucharse su m\u00fasica en el montaje Me trataste con olvido (Cl\u00e1sicas en rebeld\u00eda).<\/p>\n<p>Adem\u00e1s de m\u00fasica para montajes esc\u00e9nicos, es autor de piezas para piano y un nutrido n\u00famero de canciones de concierto, g\u00e9nero este \u00faltimo por el que tiene especial predilecci\u00f3n, al permitirle cultivar una estrecha relaci\u00f3n con poetas y escritores.<br><br>En junio de 2025 estrena en Madrid su primera \u00f3pera, Tristana, encargo de la Comunidad de Madrid, el Auditorio de Tenerife y Teatro Extremo, que coproducen el proyecto. El libreto, de Jorge Volpi, est\u00e1 basado en la novela de Benito P\u00e9rez Gald\u00f3s y la versi\u00f3n cinematogr\u00e1fica de Luis Bu\u00f1uel. La \u00f3pera ser\u00e1 nuevamente representada en Las Palmas de Gran Canaria, Lima y otros lugares del continente americano en 2026-2027.<\/p>\t\t\t\t\t\t\t\t<\/div>\n\t\t<div class=\"elementor-element elementor-element-2d3d443 e-con-full e-flex e-con e-child\" data-id=\"2d3d443\" data-element_type=\"container\" data-e-type=\"container\">\n\t\t\t\t<div class=\"elementor-element elementor-element-77e43e1 elementor-align-left elementor-widget__width-initial elementor-hidden-desktop elementor-hidden-tablet elementor-hidden-mobile elementor-widget elementor-widget-button\" data-id=\"77e43e1\" data-element_type=\"widget\" data-e-type=\"widget\" data-widget_type=\"button.default\">\n\t\t\t\t\t\t\t\t\t\t<a class=\"elementor-button elementor-button-link elementor-size-sm\" href=\"#\">\n\t\t\t\t\t\t<span class=\"elementor-button-content-wrapper\">\n\t\t\t\t\t\t\t\t\t<span class=\"elementor-button-text\">Descargar CV:<\/span>\n\t\t\t\t\t<\/span>\n\t\t\t\t\t<\/a>\n\t\t\t\t\t\t\t\t<\/div>\n\t\t\t\t<div class=\"elementor-element elementor-element-0744207 elementor-align-left elementor-widget__width-initial elementor-hidden-desktop elementor-hidden-tablet elementor-hidden-mobile elementor-widget elementor-widget-button\" data-id=\"0744207\" data-element_type=\"widget\" data-e-type=\"widget\" data-widget_type=\"button.default\">\n\t\t\t\t\t\t\t\t\t\t<a class=\"elementor-button elementor-button-link elementor-size-sm\" href=\"#\">\n\t\t\t\t\t\t<span class=\"elementor-button-content-wrapper\">\n\t\t\t\t\t\t\t\t\t<span class=\"elementor-button-text\">EN<\/span>\n\t\t\t\t\t<\/span>\n\t\t\t\t\t<\/a>\n\t\t\t\t\t\t\t\t<\/div>\n\t\t\t\t<div class=\"elementor-element elementor-element-8548919 elementor-widget elementor-widget-text-editor\" data-id=\"8548919\" data-element_type=\"widget\" data-e-type=\"widget\" data-widget_type=\"text-editor.default\">\n\t\t\t\t\t\t\t\t\t<p>Descargar CV: <a href=\"https:\/\/miguelhuertaspianista.adrirodrigoj4.es\/wp-content\/uploads\/2026\/02\/Miguel-Huertas-Camacho_BIO-2025-EN.pdf\" target=\"_blank\" rel=\"noopener\">EN<\/a> | <a href=\"https:\/\/miguelhuertaspianista.adrirodrigoj4.es\/wp-content\/uploads\/2026\/02\/Miguel-Huertas-Camacho_BIO.docx.pdf\" target=\"_blank\" rel=\"noopener\">ES<\/a><\/p>\t\t\t\t\t\t\t\t<\/div>\n\t\t\t\t<div class=\"elementor-element elementor-element-7724555 elementor-widget__width-initial elementor-hidden-desktop elementor-hidden-tablet elementor-hidden-mobile elementor-widget elementor-widget-shortcode\" data-id=\"7724555\" data-element_type=\"widget\" data-e-type=\"widget\" id=\"lenguaje-bio\" data-widget_type=\"shortcode.default\">\n\t\t\t\t\t\t\t<div class=\"elementor-shortcode\"><div class=\"gtranslate_wrapper\" id=\"gt-wrapper-29116292\"><\/div><\/div>\n\t\t\t\t\t\t<\/div>\n\t\t\t\t<\/div>\n\t\t\t\t<\/div>\n\t\t\t\t\t<\/div>\n\t\t\t\t<\/div>\n\t\t\t\t<\/div>","protected":false},"excerpt":{"rendered":"<p>Miguel Huertas-Camacho Pianista y compositor M\u00fasico de origen manchego, recibi\u00f3 su formaci\u00f3n como pianista en Seattle con Maki Botkin y en Madrid con Guillermo Gonz\u00e1lez y Miguel Zanetti. En Viena estudi\u00f3 lied y correpetici\u00f3n, y en Par\u00eds recibi\u00f3 los consejos de No\u00ebl Lee, Jeff Cohen y el compositor Henri Dutilleux.Finaliz\u00f3 sus estudios de organista en [&hellip;]<\/p>\n","protected":false},"author":9,"featured_media":0,"parent":0,"menu_order":0,"comment_status":"closed","ping_status":"closed","template":"elementor_header_footer","meta":{"footnotes":""},"categoria-pagina":[],"class_list":["post-615","page","type-page","status-publish","hentry"],"yoast_head":"<!-- This site is optimized with the Yoast SEO plugin v27.4 - https:\/\/yoast.com\/product\/yoast-seo-wordpress\/ -->\n<title>Miguel Huertas Camacho - Sobre m\u00ed | Trayectoria<\/title>\n<meta name=\"description\" content=\"Conoce la historia de Miguel Huertas Camacho. Su misi\u00f3n como pianista y compositor, su visi\u00f3n art\u00edstica y por qu\u00e9 es tu aliado ideal.\" \/>\n<meta name=\"robots\" content=\"noindex, follow, max-snippet:-1, max-image-preview:large, max-video-preview:-1\" \/>\n<meta property=\"og:locale\" content=\"en_US\" \/>\n<meta property=\"og:type\" content=\"article\" \/>\n<meta property=\"og:title\" content=\"Miguel Huertas Camacho - Sobre m\u00ed | Trayectoria\" \/>\n<meta property=\"og:description\" content=\"Conoce la historia de Miguel Huertas Camacho. Su misi\u00f3n como pianista y compositor, su visi\u00f3n art\u00edstica y por qu\u00e9 es tu aliado ideal.\" \/>\n<meta property=\"og:url\" content=\"https:\/\/miguelhuertaspianista.adrirodrigoj4.es\/en\/sobre-mi\/\" \/>\n<meta property=\"og:site_name\" content=\"Miguel Huertas Pianista\" \/>\n<meta property=\"article:modified_time\" content=\"2026-02-06T20:14:03+00:00\" \/>\n<meta name=\"twitter:card\" content=\"summary_large_image\" \/>\n<meta name=\"twitter:label1\" content=\"Est. reading time\" \/>\n\t<meta name=\"twitter:data1\" content=\"3 minutes\" \/>\n<script type=\"application\/ld+json\" class=\"yoast-schema-graph\">{\"@context\":\"https:\\\/\\\/schema.org\",\"@graph\":[{\"@type\":\"WebPage\",\"@id\":\"https:\\\/\\\/miguelhuertaspianista.adrirodrigoj4.es\\\/sobre-mi\\\/\",\"url\":\"https:\\\/\\\/miguelhuertaspianista.adrirodrigoj4.es\\\/sobre-mi\\\/\",\"name\":\"Miguel Huertas Camacho - Sobre m\u00ed | Trayectoria\",\"isPartOf\":{\"@id\":\"https:\\\/\\\/miguelhuertaspianista.adrirodrigoj4.es\\\/#website\"},\"datePublished\":\"2025-12-19T03:02:19+00:00\",\"dateModified\":\"2026-02-06T20:14:03+00:00\",\"description\":\"Conoce la historia de Miguel Huertas Camacho. Su misi\u00f3n como pianista y compositor, su visi\u00f3n art\u00edstica y por qu\u00e9 es tu aliado ideal.\",\"breadcrumb\":{\"@id\":\"https:\\\/\\\/miguelhuertaspianista.adrirodrigoj4.es\\\/sobre-mi\\\/#breadcrumb\"},\"inLanguage\":\"en-US\",\"potentialAction\":[{\"@type\":\"ReadAction\",\"target\":[\"https:\\\/\\\/miguelhuertaspianista.adrirodrigoj4.es\\\/sobre-mi\\\/\"]}]},{\"@type\":\"BreadcrumbList\",\"@id\":\"https:\\\/\\\/miguelhuertaspianista.adrirodrigoj4.es\\\/sobre-mi\\\/#breadcrumb\",\"itemListElement\":[{\"@type\":\"ListItem\",\"position\":1,\"name\":\"Portada\",\"item\":\"https:\\\/\\\/miguelhuertaspianista.adrirodrigoj4.es\\\/\"},{\"@type\":\"ListItem\",\"position\":2,\"name\":\"Bio\"}]},{\"@type\":\"WebSite\",\"@id\":\"https:\\\/\\\/miguelhuertaspianista.adrirodrigoj4.es\\\/#website\",\"url\":\"https:\\\/\\\/miguelhuertaspianista.adrirodrigoj4.es\\\/\",\"name\":\"Miguel Huertas Pianista\",\"description\":\"\",\"publisher\":{\"@id\":\"https:\\\/\\\/miguelhuertaspianista.adrirodrigoj4.es\\\/#organization\"},\"potentialAction\":[{\"@type\":\"SearchAction\",\"target\":{\"@type\":\"EntryPoint\",\"urlTemplate\":\"https:\\\/\\\/miguelhuertaspianista.adrirodrigoj4.es\\\/?s={search_term_string}\"},\"query-input\":{\"@type\":\"PropertyValueSpecification\",\"valueRequired\":true,\"valueName\":\"search_term_string\"}}],\"inLanguage\":\"en-US\"},{\"@type\":\"Organization\",\"@id\":\"https:\\\/\\\/miguelhuertaspianista.adrirodrigoj4.es\\\/#organization\",\"name\":\"Miguel Huertas Pianista\",\"url\":\"https:\\\/\\\/miguelhuertaspianista.adrirodrigoj4.es\\\/\",\"logo\":{\"@type\":\"ImageObject\",\"inLanguage\":\"en-US\",\"@id\":\"https:\\\/\\\/miguelhuertaspianista.adrirodrigoj4.es\\\/#\\\/schema\\\/logo\\\/image\\\/\",\"url\":\"https:\\\/\\\/miguelhuertaspianista.adrirodrigoj4.es\\\/wp-content\\\/uploads\\\/2025\\\/12\\\/mhc.webp\",\"contentUrl\":\"https:\\\/\\\/miguelhuertaspianista.adrirodrigoj4.es\\\/wp-content\\\/uploads\\\/2025\\\/12\\\/mhc.webp\",\"width\":500,\"height\":500,\"caption\":\"Miguel Huertas Pianista\"},\"image\":{\"@id\":\"https:\\\/\\\/miguelhuertaspianista.adrirodrigoj4.es\\\/#\\\/schema\\\/logo\\\/image\\\/\"}}]}<\/script>\n<!-- \/ Yoast SEO plugin. -->","yoast_head_json":{"title":"Miguel Huertas Camacho - Sobre m\u00ed | Trayectoria","description":"Conoce la historia de Miguel Huertas Camacho. Su misi\u00f3n como pianista y compositor, su visi\u00f3n art\u00edstica y por qu\u00e9 es tu aliado ideal.","robots":{"index":"noindex","follow":"follow","max-snippet":"max-snippet:-1","max-image-preview":"max-image-preview:large","max-video-preview":"max-video-preview:-1"},"og_locale":"en_US","og_type":"article","og_title":"Miguel Huertas Camacho - Sobre m\u00ed | Trayectoria","og_description":"Conoce la historia de Miguel Huertas Camacho. Su misi\u00f3n como pianista y compositor, su visi\u00f3n art\u00edstica y por qu\u00e9 es tu aliado ideal.","og_url":"https:\/\/miguelhuertaspianista.adrirodrigoj4.es\/en\/sobre-mi\/","og_site_name":"Miguel Huertas Pianista","article_modified_time":"2026-02-06T20:14:03+00:00","twitter_card":"summary_large_image","twitter_misc":{"Est. reading time":"3 minutes"},"schema":{"@context":"https:\/\/schema.org","@graph":[{"@type":"WebPage","@id":"https:\/\/miguelhuertaspianista.adrirodrigoj4.es\/sobre-mi\/","url":"https:\/\/miguelhuertaspianista.adrirodrigoj4.es\/sobre-mi\/","name":"Miguel Huertas Camacho - Sobre m\u00ed | Trayectoria","isPartOf":{"@id":"https:\/\/miguelhuertaspianista.adrirodrigoj4.es\/#website"},"datePublished":"2025-12-19T03:02:19+00:00","dateModified":"2026-02-06T20:14:03+00:00","description":"Conoce la historia de Miguel Huertas Camacho. Su misi\u00f3n como pianista y compositor, su visi\u00f3n art\u00edstica y por qu\u00e9 es tu aliado ideal.","breadcrumb":{"@id":"https:\/\/miguelhuertaspianista.adrirodrigoj4.es\/sobre-mi\/#breadcrumb"},"inLanguage":"en-US","potentialAction":[{"@type":"ReadAction","target":["https:\/\/miguelhuertaspianista.adrirodrigoj4.es\/sobre-mi\/"]}]},{"@type":"BreadcrumbList","@id":"https:\/\/miguelhuertaspianista.adrirodrigoj4.es\/sobre-mi\/#breadcrumb","itemListElement":[{"@type":"ListItem","position":1,"name":"Portada","item":"https:\/\/miguelhuertaspianista.adrirodrigoj4.es\/"},{"@type":"ListItem","position":2,"name":"Bio"}]},{"@type":"WebSite","@id":"https:\/\/miguelhuertaspianista.adrirodrigoj4.es\/#website","url":"https:\/\/miguelhuertaspianista.adrirodrigoj4.es\/","name":"Miguel Huertas Pianista","description":"","publisher":{"@id":"https:\/\/miguelhuertaspianista.adrirodrigoj4.es\/#organization"},"potentialAction":[{"@type":"SearchAction","target":{"@type":"EntryPoint","urlTemplate":"https:\/\/miguelhuertaspianista.adrirodrigoj4.es\/?s={search_term_string}"},"query-input":{"@type":"PropertyValueSpecification","valueRequired":true,"valueName":"search_term_string"}}],"inLanguage":"en-US"},{"@type":"Organization","@id":"https:\/\/miguelhuertaspianista.adrirodrigoj4.es\/#organization","name":"Miguel Huertas Pianista","url":"https:\/\/miguelhuertaspianista.adrirodrigoj4.es\/","logo":{"@type":"ImageObject","inLanguage":"en-US","@id":"https:\/\/miguelhuertaspianista.adrirodrigoj4.es\/#\/schema\/logo\/image\/","url":"https:\/\/miguelhuertaspianista.adrirodrigoj4.es\/wp-content\/uploads\/2025\/12\/mhc.webp","contentUrl":"https:\/\/miguelhuertaspianista.adrirodrigoj4.es\/wp-content\/uploads\/2025\/12\/mhc.webp","width":500,"height":500,"caption":"Miguel Huertas Pianista"},"image":{"@id":"https:\/\/miguelhuertaspianista.adrirodrigoj4.es\/#\/schema\/logo\/image\/"}}]}},"_links":{"self":[{"href":"https:\/\/miguelhuertaspianista.adrirodrigoj4.es\/en\/wp-json\/wp\/v2\/pages\/615","targetHints":{"allow":["GET"]}}],"collection":[{"href":"https:\/\/miguelhuertaspianista.adrirodrigoj4.es\/en\/wp-json\/wp\/v2\/pages"}],"about":[{"href":"https:\/\/miguelhuertaspianista.adrirodrigoj4.es\/en\/wp-json\/wp\/v2\/types\/page"}],"author":[{"embeddable":true,"href":"https:\/\/miguelhuertaspianista.adrirodrigoj4.es\/en\/wp-json\/wp\/v2\/users\/9"}],"replies":[{"embeddable":true,"href":"https:\/\/miguelhuertaspianista.adrirodrigoj4.es\/en\/wp-json\/wp\/v2\/comments?post=615"}],"version-history":[{"count":128,"href":"https:\/\/miguelhuertaspianista.adrirodrigoj4.es\/en\/wp-json\/wp\/v2\/pages\/615\/revisions"}],"predecessor-version":[{"id":2554,"href":"https:\/\/miguelhuertaspianista.adrirodrigoj4.es\/en\/wp-json\/wp\/v2\/pages\/615\/revisions\/2554"}],"wp:attachment":[{"href":"https:\/\/miguelhuertaspianista.adrirodrigoj4.es\/en\/wp-json\/wp\/v2\/media?parent=615"}],"wp:term":[{"taxonomy":"categoria-pagina","embeddable":true,"href":"https:\/\/miguelhuertaspianista.adrirodrigoj4.es\/en\/wp-json\/wp\/v2\/categoria-pagina?post=615"}],"curies":[{"name":"wp","href":"https:\/\/api.w.org\/{rel}","templated":true}]}}