{"id":616,"date":"2025-12-19T04:07:54","date_gmt":"2025-12-19T03:07:54","guid":{"rendered":"https:\/\/miguelhuertaspianista.adrirodrigoj4.es\/?page_id=616"},"modified":"2026-02-06T17:58:48","modified_gmt":"2026-02-06T16:58:48","slug":"contacto","status":"publish","type":"page","link":"https:\/\/miguelhuertaspianista.adrirodrigoj4.es\/en\/contacto\/","title":{"rendered":"Contact"},"content":{"rendered":"<style>.elementor-616 .elementor-element.elementor-element-56c3da3 > .elementor-container{min-height:500px;}.elementor-616 .elementor-element.elementor-element-56c3da3 .elementor-background-slideshow__slide__image{background-size:cover;}.elementor-616 .elementor-element.elementor-element-56c3da3 > .elementor-background-overlay{background-color:#000000;opacity:0;transition:background 0.3s, border-radius 0.3s, opacity 0.3s;}.elementor-616 .elementor-element.elementor-element-56c3da3{transition:background 0.3s, border 0.3s, border-radius 0.3s, box-shadow 0.3s;padding:200px 0px 200px 0px;}.elementor-616 .elementor-element.elementor-element-3877e51{text-align:center;}.elementor-616 .elementor-element.elementor-element-3877e51 .elementor-heading-title{font-family:\"Helvetica\", Sans-serif;font-size:18px;color:#FFFFFF;}.elementor-616 .elementor-element.elementor-element-daf2c34 .elementor-field-group{padding-right:calc( 10px\/2 );padding-left:calc( 10px\/2 );margin-bottom:10px;}.elementor-616 .elementor-element.elementor-element-daf2c34 .elementor-form-fields-wrapper{margin-left:calc( -10px\/2 );margin-right:calc( -10px\/2 );margin-bottom:-10px;}.elementor-616 .elementor-element.elementor-element-daf2c34 .elementor-field-group.recaptcha_v3-bottomleft, .elementor-616 .elementor-element.elementor-element-daf2c34 .elementor-field-group.recaptcha_v3-bottomright{margin-bottom:0;}body.rtl .elementor-616 .elementor-element.elementor-element-daf2c34 .elementor-labels-inline .elementor-field-group > label{padding-left:0px;}body:not(.rtl) .elementor-616 .elementor-element.elementor-element-daf2c34 .elementor-labels-inline .elementor-field-group > label{padding-right:0px;}body .elementor-616 .elementor-element.elementor-element-daf2c34 .elementor-labels-above .elementor-field-group > label{padding-bottom:0px;}.elementor-616 .elementor-element.elementor-element-daf2c34 .elementor-field-group > label{font-family:\"Helvetica\", Sans-serif;}.elementor-616 .elementor-element.elementor-element-daf2c34 .elementor-field-type-html{padding-bottom:0px;font-family:\"Helvetica\", Sans-serif;}.elementor-616 .elementor-element.elementor-element-daf2c34 .elementor-field-group .elementor-field{color:var( --e-global-color-f31eb37 );}.elementor-616 .elementor-element.elementor-element-daf2c34 .elementor-field-group .elementor-field, .elementor-616 .elementor-element.elementor-element-daf2c34 .elementor-field-subgroup label{font-family:\"Helvetica\", Sans-serif;}.elementor-616 .elementor-element.elementor-element-daf2c34 .elementor-field-group .elementor-field:not(.elementor-select-wrapper){background-color:#FFFFFF00;border-radius:0px 0px 0px 0px;}.elementor-616 .elementor-element.elementor-element-daf2c34 .elementor-field-group .elementor-select-wrapper select{background-color:#FFFFFF00;border-radius:0px 0px 0px 0px;}.elementor-616 .elementor-element.elementor-element-daf2c34 .elementor-button{font-family:\"Bebas Neue\", Sans-serif;font-weight:300;padding:12px 12px 12px 12px;}.elementor-616 .elementor-element.elementor-element-daf2c34 .e-form__buttons__wrapper__button-next{color:#ffffff;}.elementor-616 .elementor-element.elementor-element-daf2c34 .elementor-button[type=\"submit\"]{color:#ffffff;}.elementor-616 .elementor-element.elementor-element-daf2c34 .elementor-button[type=\"submit\"] svg *{fill:#ffffff;}.elementor-616 .elementor-element.elementor-element-daf2c34 .e-form__buttons__wrapper__button-previous{color:#ffffff;}.elementor-616 .elementor-element.elementor-element-daf2c34 .e-form__buttons__wrapper__button-next:hover{background-color:var( --e-global-color-f31eb37 );color:var( --e-global-color-primary );}.elementor-616 .elementor-element.elementor-element-daf2c34 .elementor-button[type=\"submit\"]:hover{background-color:var( --e-global-color-f31eb37 );color:var( --e-global-color-primary );}.elementor-616 .elementor-element.elementor-element-daf2c34 .elementor-button[type=\"submit\"]:hover svg *{fill:var( --e-global-color-primary );}.elementor-616 .elementor-element.elementor-element-daf2c34 .e-form__buttons__wrapper__button-previous:hover{color:#ffffff;}.elementor-616 .elementor-element.elementor-element-daf2c34 .elementor-message{font-family:\"Helvetica\", Sans-serif;}.elementor-616 .elementor-element.elementor-element-daf2c34 .e-form__indicators__indicator, .elementor-616 .elementor-element.elementor-element-daf2c34 .e-form__indicators__indicator__label{font-family:\"Helvetica\", Sans-serif;}.elementor-616 .elementor-element.elementor-element-daf2c34{--e-form-steps-indicators-spacing:20px;--e-form-steps-indicator-padding:30px;--e-form-steps-indicator-inactive-secondary-color:#ffffff;--e-form-steps-indicator-active-secondary-color:#ffffff;--e-form-steps-indicator-completed-secondary-color:#ffffff;--e-form-steps-divider-width:1px;--e-form-steps-divider-gap:10px;}.elementor-616 .elementor-element.elementor-element-869b31b{text-align:center;}.elementor-616 .elementor-element.elementor-element-869b31b .elementor-heading-title{font-family:\"Helvetica\", Sans-serif;font-size:18px;color:#FFFFFF;}.elementor-616 .elementor-element.elementor-element-7a5d0b8{text-align:center;margin:112px 0px calc(var(--kit-widget-spacing, 0px) + 0px) 0px;padding:0px 0px 0px 0px;}.elementor-616 .elementor-element.elementor-element-7a5d0b8 .elementor-heading-title{font-family:\"Helvetica\", Sans-serif;font-size:18px;color:#FFFFFF;}.elementor-616 .elementor-element.elementor-element-a30d1d7{text-align:center;font-family:\"Helvetica\", Sans-serif;color:#FFFFFF;margin:46px 0px calc(var(--kit-widget-spacing, 0px) + 0px) 0px;}.elementor-616 .elementor-element.elementor-element-a30d1d7 a{color:var( --e-global-color-f31eb37 );}.elementor-616 .elementor-element.elementor-element-a30d1d7 a:hover, .elementor-616 .elementor-element.elementor-element-a30d1d7 a:focus{color:var( --e-global-color-accent );}:root{--page-title-display:none;}@media(max-width:1024px){.elementor-616 .elementor-element.elementor-element-56c3da3 > .elementor-container{min-height:0px;}}@media(max-width:767px){.elementor-616 .elementor-element.elementor-element-56c3da3 > .elementor-container{min-height:500px;}.elementor-616 .elementor-element.elementor-element-56c3da3{padding:0em 0em 0em 0em;}}<\/style>\t\t<div data-elementor-type=\"wp-page\" data-elementor-id=\"616\" class=\"elementor elementor-616\" data-elementor-post-type=\"page\">\n\t\t\t\t\t\t<section class=\"elementor-section elementor-top-section elementor-element elementor-element-56c3da3 elementor-section-height-min-height elementor-section-boxed elementor-section-height-default elementor-section-items-middle\" data-id=\"56c3da3\" data-element_type=\"section\" data-e-type=\"section\" data-settings=\"{&quot;background_background&quot;:&quot;slideshow&quot;,&quot;background_slideshow_gallery&quot;:[{&quot;id&quot;:1302,&quot;url&quot;:&quot;https:\\\/\\\/miguelhuertaspianista.adrirodrigoj4.es\\\/wp-content\\\/uploads\\\/2026\\\/01\\\/Miguel-Huertas-Camacho_7364-\\u00a9_carlosluque_2WEB.webp&quot;}],&quot;background_slideshow_loop&quot;:&quot;yes&quot;,&quot;background_slideshow_slide_duration&quot;:5000,&quot;background_slideshow_slide_transition&quot;:&quot;fade&quot;,&quot;background_slideshow_transition_duration&quot;:500}\">\n\t\t\t\t\t\t\t<div class=\"elementor-background-overlay\"><\/div>\n\t\t\t\t\t\t\t<div class=\"elementor-container elementor-column-gap-default\">\n\t\t\t\t\t<div class=\"elementor-column elementor-col-100 elementor-top-column elementor-element elementor-element-a4b6944\" data-id=\"a4b6944\" data-element_type=\"column\" data-e-type=\"column\">\n\t\t\t<div class=\"elementor-widget-wrap elementor-element-populated\">\n\t\t\t\t\t\t<div class=\"elementor-element elementor-element-3877e51 elementor-widget elementor-widget-heading\" data-id=\"3877e51\" data-element_type=\"widget\" data-e-type=\"widget\" data-widget_type=\"heading.default\">\n\t\t\t\t\t<h2 class=\"elementor-heading-title elementor-size-default\">Suscr\u00edbete a la comunidad de Miguel Huertas-Camacho y no te pierdas\nninguna novedad<\/h2>\t\t\t\t<\/div>\n\t\t\t\t<div class=\"elementor-element elementor-element-daf2c34 elementor-button-align-stretch elementor-widget elementor-widget-form\" data-id=\"daf2c34\" data-element_type=\"widget\" data-e-type=\"widget\" data-settings=\"{&quot;button_width&quot;:&quot;50&quot;,&quot;step_next_label&quot;:&quot;Siguiente&quot;,&quot;step_previous_label&quot;:&quot;Anterior&quot;,&quot;step_type&quot;:&quot;number_text&quot;,&quot;step_icon_shape&quot;:&quot;circle&quot;}\" data-widget_type=\"form.default\">\n\t\t\t\t\t\t\t<form class=\"elementor-form\" method=\"post\" name=\"Nuevo formulario\" aria-label=\"Nuevo formulario\">\n\t\t\t<input type=\"hidden\" name=\"post_id\" value=\"616\"\/>\n\t\t\t<input type=\"hidden\" name=\"form_id\" value=\"daf2c34\"\/>\n\t\t\t<input type=\"hidden\" name=\"referer_title\" value=\"Contacto - Miguel Huertas Camacho\" \/>\n\n\t\t\t\t\t\t\t<input type=\"hidden\" name=\"queried_id\" value=\"616\"\/>\n\t\t\t\n\t\t\t<div class=\"elementor-form-fields-wrapper elementor-labels-above\">\n\t\t\t\t\t\t\t\t<div class=\"elementor-field-type-email elementor-field-group elementor-column elementor-field-group-email elementor-col-50 elementor-field-required\">\n\t\t\t\t\t\t\t\t\t\t\t\t\t<input size=\"1\" type=\"email\" name=\"form_fields[email]\" id=\"form-field-email\" class=\"elementor-field elementor-size-sm  elementor-field-textual\" placeholder=\"Correo electr\u00f3nico\" required=\"required\">\n\t\t\t\t\t\t\t\t\t\t\t<\/div>\n\t\t\t\t\t\t\t\t<div class=\"elementor-field-group elementor-column elementor-field-type-submit elementor-col-50 e-form__buttons\">\n\t\t\t\t\t<button class=\"elementor-button elementor-size-sm\" type=\"submit\">\n\t\t\t\t\t\t<span class=\"elementor-button-content-wrapper\">\n\t\t\t\t\t\t\t\t\t\t\t\t\t\t\t\t\t\t\t\t\t\t<span class=\"elementor-button-text\">Enviar<\/span>\n\t\t\t\t\t\t\t\t\t\t\t\t\t<\/span>\n\t\t\t\t\t<\/button>\n\t\t\t\t<\/div>\n\t\t\t<\/div>\n\t\t<\/form>\n\t\t\t\t\t\t<\/div>\n\t\t\t\t<div class=\"elementor-element elementor-element-869b31b elementor-widget elementor-widget-heading\" data-id=\"869b31b\" data-element_type=\"widget\" data-e-type=\"widget\" data-widget_type=\"heading.default\">\n\t\t\t\t\t<h2 class=\"elementor-heading-title elementor-size-default\">Para consultar la finalidad y condiciones del tratamiento visitar\nnuestra pol\u00edtica de privacidad<\/h2>\t\t\t\t<\/div>\n\t\t\t\t<div class=\"elementor-element elementor-element-7a5d0b8 elementor-widget elementor-widget-heading\" data-id=\"7a5d0b8\" data-element_type=\"widget\" data-e-type=\"widget\" data-widget_type=\"heading.default\">\n\t\t\t\t\t<h2 class=\"elementor-heading-title elementor-size-default\">Si tu consulta est\u00e1 relacionada con contrataciones env\u00eda un email a\nbookings@miguelhuertascamacho.com<\/h2>\t\t\t\t<\/div>\n\t\t\t\t<div class=\"elementor-element elementor-element-a30d1d7 elementor-widget elementor-widget-text-editor\" data-id=\"a30d1d7\" data-element_type=\"widget\" data-e-type=\"widget\" data-widget_type=\"text-editor.default\">\n\t\t\t\t\t\t\t\t\t<p>Si tu consulta est\u00e1 relacionada con un pedido, informaci\u00f3n acerca de<br \/>alg\u00fan producto o cualquier otra consulta relacionada con nuestra<br \/>tienda cont\u00e1ctanos utilizando el siguiente <a href=\"https:\/\/miguelhuertaspianista.adrirodrigoj4.es\/form-de-contacto\/\"><span style=\"text-decoration: underline;\"><strong>formulario<\/strong><\/span>.<\/a><\/p>\t\t\t\t\t\t\t\t<\/div>\n\t\t\t\t\t<\/div>\n\t\t<\/div>\n\t\t\t\t\t<\/div>\n\t\t<\/section>\n\t\t\t\t<\/div>\n\t\t","protected":false},"excerpt":{"rendered":"<p>Suscr\u00edbete a la comunidad de Miguel Huertas-Camacho y no te pierdas ninguna novedad Para consultar la finalidad y condiciones del tratamiento visitar nuestra pol\u00edtica de privacidad Si tu consulta est\u00e1 relacionada con contrataciones env\u00eda un email a bookings@miguelhuertascamacho.com Si tu consulta est\u00e1 relacionada con un pedido, informaci\u00f3n acerca dealg\u00fan producto o cualquier otra consulta relacionada [&hellip;]<\/p>\n","protected":false},"author":9,"featured_media":0,"parent":0,"menu_order":0,"comment_status":"closed","ping_status":"closed","template":"elementor_header_footer","meta":{"footnotes":""},"categoria-pagina":[],"class_list":["post-616","page","type-page","status-publish","hentry"],"yoast_head":"<!-- This site is optimized with the Yoast SEO plugin v27.4 - https:\/\/yoast.com\/product\/yoast-seo-wordpress\/ -->\n<title>Contacto - Miguel Huertas Camacho<\/title>\n<meta name=\"description\" content=\"Ponte en contacto con Miguel Huertas Camacho para contrataciones, compra de partituras o colaboraciones art\u00edsticas.\" \/>\n<meta name=\"robots\" content=\"noindex, follow, max-snippet:-1, max-image-preview:large, max-video-preview:-1\" \/>\n<meta property=\"og:locale\" content=\"en_US\" \/>\n<meta property=\"og:type\" content=\"article\" \/>\n<meta property=\"og:title\" content=\"Contacto - Miguel Huertas Camacho\" \/>\n<meta property=\"og:description\" content=\"Ponte en contacto con Miguel Huertas Camacho para contrataciones, compra de partituras o colaboraciones art\u00edsticas.\" \/>\n<meta property=\"og:url\" content=\"https:\/\/miguelhuertaspianista.adrirodrigoj4.es\/en\/contacto\/\" \/>\n<meta property=\"og:site_name\" content=\"Miguel Huertas Pianista\" \/>\n<meta property=\"article:modified_time\" content=\"2026-02-06T16:58:48+00:00\" \/>\n<meta name=\"twitter:card\" content=\"summary_large_image\" \/>\n<meta name=\"twitter:label1\" content=\"Est. reading time\" \/>\n\t<meta name=\"twitter:data1\" content=\"1 minute\" \/>\n<script type=\"application\/ld+json\" class=\"yoast-schema-graph\">{\"@context\":\"https:\\\/\\\/schema.org\",\"@graph\":[{\"@type\":\"WebPage\",\"@id\":\"https:\\\/\\\/miguelhuertaspianista.adrirodrigoj4.es\\\/contacto\\\/\",\"url\":\"https:\\\/\\\/miguelhuertaspianista.adrirodrigoj4.es\\\/contacto\\\/\",\"name\":\"Contacto - Miguel Huertas Camacho\",\"isPartOf\":{\"@id\":\"https:\\\/\\\/miguelhuertaspianista.adrirodrigoj4.es\\\/#website\"},\"datePublished\":\"2025-12-19T03:07:54+00:00\",\"dateModified\":\"2026-02-06T16:58:48+00:00\",\"description\":\"Ponte en contacto con Miguel Huertas Camacho para contrataciones, compra de partituras o colaboraciones art\u00edsticas.\",\"breadcrumb\":{\"@id\":\"https:\\\/\\\/miguelhuertaspianista.adrirodrigoj4.es\\\/contacto\\\/#breadcrumb\"},\"inLanguage\":\"en-US\",\"potentialAction\":[{\"@type\":\"ReadAction\",\"target\":[\"https:\\\/\\\/miguelhuertaspianista.adrirodrigoj4.es\\\/contacto\\\/\"]}]},{\"@type\":\"BreadcrumbList\",\"@id\":\"https:\\\/\\\/miguelhuertaspianista.adrirodrigoj4.es\\\/contacto\\\/#breadcrumb\",\"itemListElement\":[{\"@type\":\"ListItem\",\"position\":1,\"name\":\"Portada\",\"item\":\"https:\\\/\\\/miguelhuertaspianista.adrirodrigoj4.es\\\/\"},{\"@type\":\"ListItem\",\"position\":2,\"name\":\"Contacto\"}]},{\"@type\":\"WebSite\",\"@id\":\"https:\\\/\\\/miguelhuertaspianista.adrirodrigoj4.es\\\/#website\",\"url\":\"https:\\\/\\\/miguelhuertaspianista.adrirodrigoj4.es\\\/\",\"name\":\"Miguel Huertas Pianista\",\"description\":\"\",\"publisher\":{\"@id\":\"https:\\\/\\\/miguelhuertaspianista.adrirodrigoj4.es\\\/#organization\"},\"potentialAction\":[{\"@type\":\"SearchAction\",\"target\":{\"@type\":\"EntryPoint\",\"urlTemplate\":\"https:\\\/\\\/miguelhuertaspianista.adrirodrigoj4.es\\\/?s={search_term_string}\"},\"query-input\":{\"@type\":\"PropertyValueSpecification\",\"valueRequired\":true,\"valueName\":\"search_term_string\"}}],\"inLanguage\":\"en-US\"},{\"@type\":\"Organization\",\"@id\":\"https:\\\/\\\/miguelhuertaspianista.adrirodrigoj4.es\\\/#organization\",\"name\":\"Miguel Huertas Pianista\",\"url\":\"https:\\\/\\\/miguelhuertaspianista.adrirodrigoj4.es\\\/\",\"logo\":{\"@type\":\"ImageObject\",\"inLanguage\":\"en-US\",\"@id\":\"https:\\\/\\\/miguelhuertaspianista.adrirodrigoj4.es\\\/#\\\/schema\\\/logo\\\/image\\\/\",\"url\":\"https:\\\/\\\/miguelhuertaspianista.adrirodrigoj4.es\\\/wp-content\\\/uploads\\\/2025\\\/12\\\/mhc.webp\",\"contentUrl\":\"https:\\\/\\\/miguelhuertaspianista.adrirodrigoj4.es\\\/wp-content\\\/uploads\\\/2025\\\/12\\\/mhc.webp\",\"width\":500,\"height\":500,\"caption\":\"Miguel Huertas Pianista\"},\"image\":{\"@id\":\"https:\\\/\\\/miguelhuertaspianista.adrirodrigoj4.es\\\/#\\\/schema\\\/logo\\\/image\\\/\"}}]}<\/script>\n<!-- \/ Yoast SEO plugin. -->","yoast_head_json":{"title":"Contacto - Miguel Huertas Camacho","description":"Ponte en contacto con Miguel Huertas Camacho para contrataciones, compra de partituras o colaboraciones art\u00edsticas.","robots":{"index":"noindex","follow":"follow","max-snippet":"max-snippet:-1","max-image-preview":"max-image-preview:large","max-video-preview":"max-video-preview:-1"},"og_locale":"en_US","og_type":"article","og_title":"Contacto - Miguel Huertas Camacho","og_description":"Ponte en contacto con Miguel Huertas Camacho para contrataciones, compra de partituras o colaboraciones art\u00edsticas.","og_url":"https:\/\/miguelhuertaspianista.adrirodrigoj4.es\/en\/contacto\/","og_site_name":"Miguel Huertas Pianista","article_modified_time":"2026-02-06T16:58:48+00:00","twitter_card":"summary_large_image","twitter_misc":{"Est. reading time":"1 minute"},"schema":{"@context":"https:\/\/schema.org","@graph":[{"@type":"WebPage","@id":"https:\/\/miguelhuertaspianista.adrirodrigoj4.es\/contacto\/","url":"https:\/\/miguelhuertaspianista.adrirodrigoj4.es\/contacto\/","name":"Contacto - Miguel Huertas Camacho","isPartOf":{"@id":"https:\/\/miguelhuertaspianista.adrirodrigoj4.es\/#website"},"datePublished":"2025-12-19T03:07:54+00:00","dateModified":"2026-02-06T16:58:48+00:00","description":"Ponte en contacto con Miguel Huertas Camacho para contrataciones, compra de partituras o colaboraciones art\u00edsticas.","breadcrumb":{"@id":"https:\/\/miguelhuertaspianista.adrirodrigoj4.es\/contacto\/#breadcrumb"},"inLanguage":"en-US","potentialAction":[{"@type":"ReadAction","target":["https:\/\/miguelhuertaspianista.adrirodrigoj4.es\/contacto\/"]}]},{"@type":"BreadcrumbList","@id":"https:\/\/miguelhuertaspianista.adrirodrigoj4.es\/contacto\/#breadcrumb","itemListElement":[{"@type":"ListItem","position":1,"name":"Portada","item":"https:\/\/miguelhuertaspianista.adrirodrigoj4.es\/"},{"@type":"ListItem","position":2,"name":"Contacto"}]},{"@type":"WebSite","@id":"https:\/\/miguelhuertaspianista.adrirodrigoj4.es\/#website","url":"https:\/\/miguelhuertaspianista.adrirodrigoj4.es\/","name":"Miguel Huertas Pianista","description":"","publisher":{"@id":"https:\/\/miguelhuertaspianista.adrirodrigoj4.es\/#organization"},"potentialAction":[{"@type":"SearchAction","target":{"@type":"EntryPoint","urlTemplate":"https:\/\/miguelhuertaspianista.adrirodrigoj4.es\/?s={search_term_string}"},"query-input":{"@type":"PropertyValueSpecification","valueRequired":true,"valueName":"search_term_string"}}],"inLanguage":"en-US"},{"@type":"Organization","@id":"https:\/\/miguelhuertaspianista.adrirodrigoj4.es\/#organization","name":"Miguel Huertas Pianista","url":"https:\/\/miguelhuertaspianista.adrirodrigoj4.es\/","logo":{"@type":"ImageObject","inLanguage":"en-US","@id":"https:\/\/miguelhuertaspianista.adrirodrigoj4.es\/#\/schema\/logo\/image\/","url":"https:\/\/miguelhuertaspianista.adrirodrigoj4.es\/wp-content\/uploads\/2025\/12\/mhc.webp","contentUrl":"https:\/\/miguelhuertaspianista.adrirodrigoj4.es\/wp-content\/uploads\/2025\/12\/mhc.webp","width":500,"height":500,"caption":"Miguel Huertas Pianista"},"image":{"@id":"https:\/\/miguelhuertaspianista.adrirodrigoj4.es\/#\/schema\/logo\/image\/"}}]}},"_links":{"self":[{"href":"https:\/\/miguelhuertaspianista.adrirodrigoj4.es\/en\/wp-json\/wp\/v2\/pages\/616","targetHints":{"allow":["GET"]}}],"collection":[{"href":"https:\/\/miguelhuertaspianista.adrirodrigoj4.es\/en\/wp-json\/wp\/v2\/pages"}],"about":[{"href":"https:\/\/miguelhuertaspianista.adrirodrigoj4.es\/en\/wp-json\/wp\/v2\/types\/page"}],"author":[{"embeddable":true,"href":"https:\/\/miguelhuertaspianista.adrirodrigoj4.es\/en\/wp-json\/wp\/v2\/users\/9"}],"replies":[{"embeddable":true,"href":"https:\/\/miguelhuertaspianista.adrirodrigoj4.es\/en\/wp-json\/wp\/v2\/comments?post=616"}],"version-history":[{"count":46,"href":"https:\/\/miguelhuertaspianista.adrirodrigoj4.es\/en\/wp-json\/wp\/v2\/pages\/616\/revisions"}],"predecessor-version":[{"id":2532,"href":"https:\/\/miguelhuertaspianista.adrirodrigoj4.es\/en\/wp-json\/wp\/v2\/pages\/616\/revisions\/2532"}],"wp:attachment":[{"href":"https:\/\/miguelhuertaspianista.adrirodrigoj4.es\/en\/wp-json\/wp\/v2\/media?parent=616"}],"wp:term":[{"taxonomy":"categoria-pagina","embeddable":true,"href":"https:\/\/miguelhuertaspianista.adrirodrigoj4.es\/en\/wp-json\/wp\/v2\/categoria-pagina?post=616"}],"curies":[{"name":"wp","href":"https:\/\/api.w.org\/{rel}","templated":true}]}}