{"id":1021,"date":"2026-01-06T14:29:11","date_gmt":"2026-01-06T13:29:11","guid":{"rendered":"https:\/\/miguelhuertaspianista.adrirodrigoj4.es\/?post_type=product&#038;p=1021"},"modified":"2026-02-10T11:16:39","modified_gmt":"2026-02-10T10:16:39","slug":"interludio-de-tristana","status":"publish","type":"product","link":"https:\/\/miguelhuertaspianista.adrirodrigoj4.es\/en\/product\/interludio-de-tristana\/","title":{"rendered":"INTERLUDIO DE TRISTANA"},"content":{"rendered":"<p><span data-sheets-root=\"1\">Pieza para piano compuesta para la \u00f3pera Tristana, estrenada en 2025. Este interludio representa el motivo del amor en la \u00f3pera y tiene una naturaleza so\u00f1adora y evocadora dentro de la atm\u00f3sfera general de la pieza teatral.<\/span><\/p>","protected":false},"excerpt":{"rendered":"<p><span data-sheets-root=\"1\">Fecha de composici\u00f3n: marzo de 2025<br \/>\nInstrumentaci\u00f3n: piano solo<br \/>\nDuraci\u00f3n: 2 minutos 30 segundos.<br \/>\nEncargo: Festival \u00d3pera a Quemarropa (Pieza instrumental central de la \u00f3pera Tristana)<br \/>\nEstreno: Auditorio de San Lorenzo de El Escorial. 27 de junio de 2025.<br \/>\n<\/span><\/p>\n<p><audio class=\"wp-audio-shortcode\" id=\"audio-1021-1\" preload=\"none\" style=\"width: 100%;\" controls=\"controls\"><source type=\"audio\/mpeg\" src=\"https:\/\/miguelhuertaspianista.adrirodrigoj4.es\/wp-content\/uploads\/2026\/02\/Interludio-de-Tristana.mp3?_=1\" \/><a href=\"https:\/\/miguelhuertaspianista.adrirodrigoj4.es\/wp-content\/uploads\/2026\/02\/Interludio-de-Tristana.mp3\">https:\/\/miguelhuertaspianista.adrirodrigoj4.es\/wp-content\/uploads\/2026\/02\/Interludio-de-Tristana.mp3<\/a><\/audio><\/p>","protected":false},"featured_media":1022,"template":"","meta":[],"product_brand":[],"product_cat":[147,65,70],"product_tag":[],"class_list":{"0":"post-1021","1":"product","2":"type-product","3":"status-publish","4":"has-post-thumbnail","6":"product_cat-alquiler-de-materiales","7":"product_cat-instrumento-solo","8":"product_cat-original","10":"first","11":"instock","12":"taxable","13":"shipping-taxable","14":"purchasable","15":"product-type-variable"},"yoast_head":"<!-- This site is optimized with the Yoast SEO plugin v27.4 - https:\/\/yoast.com\/product\/yoast-seo-wordpress\/ -->\n<title>INTERLUDIO DE TRISTANA - Miguel Huertas Pianista<\/title>\n<meta name=\"robots\" content=\"noindex, follow, max-snippet:-1, max-image-preview:large, max-video-preview:-1\" \/>\n<meta property=\"og:locale\" content=\"en_US\" \/>\n<meta property=\"og:type\" content=\"article\" \/>\n<meta property=\"og:title\" content=\"INTERLUDIO DE TRISTANA - Miguel Huertas Pianista\" \/>\n<meta property=\"og:description\" content=\"Fecha de composici\u00f3n: marzo de 2025 Instrumentaci\u00f3n: piano solo Duraci\u00f3n: 2 minutos 30 segundos. Encargo: Festival \u00d3pera a Quemarropa (Pieza instrumental central de la \u00f3pera Tristana) Estreno: Auditorio de San Lorenzo de El Escorial. 27 de junio de 2025.   https:\/\/miguelhuertaspianista.adrirodrigoj4.es\/wp-content\/uploads\/2026\/02\/Interludio-de-Tristana.mp3\" \/>\n<meta property=\"og:url\" content=\"https:\/\/miguelhuertaspianista.adrirodrigoj4.es\/en\/producto\/interludio-de-tristana\/\" \/>\n<meta property=\"og:site_name\" content=\"Miguel Huertas Pianista\" \/>\n<meta property=\"article:modified_time\" content=\"2026-02-10T10:16:39+00:00\" \/>\n<meta property=\"og:image\" content=\"https:\/\/miguelhuertaspianista.adrirodrigoj4.es\/wp-content\/uploads\/2026\/01\/Miguel-Huertas-Camacho_7290-\u00a9_carlosluque_3-scaled.webp\" \/>\n\t<meta property=\"og:image:width\" content=\"2560\" \/>\n\t<meta property=\"og:image:height\" content=\"1675\" \/>\n\t<meta property=\"og:image:type\" content=\"image\/jpeg\" \/>\n<meta name=\"twitter:card\" content=\"summary_large_image\" \/>\n<meta name=\"twitter:label1\" content=\"Est. reading time\" \/>\n\t<meta name=\"twitter:data1\" content=\"1 minute\" \/>\n<script type=\"application\/ld+json\" class=\"yoast-schema-graph\">{\"@context\":\"https:\\\/\\\/schema.org\",\"@graph\":[{\"@type\":\"WebPage\",\"@id\":\"https:\\\/\\\/miguelhuertaspianista.adrirodrigoj4.es\\\/producto\\\/interludio-de-tristana\\\/\",\"url\":\"https:\\\/\\\/miguelhuertaspianista.adrirodrigoj4.es\\\/producto\\\/interludio-de-tristana\\\/\",\"name\":\"INTERLUDIO DE TRISTANA - Miguel Huertas Pianista\",\"isPartOf\":{\"@id\":\"https:\\\/\\\/miguelhuertaspianista.adrirodrigoj4.es\\\/#website\"},\"primaryImageOfPage\":{\"@id\":\"https:\\\/\\\/miguelhuertaspianista.adrirodrigoj4.es\\\/producto\\\/interludio-de-tristana\\\/#primaryimage\"},\"image\":{\"@id\":\"https:\\\/\\\/miguelhuertaspianista.adrirodrigoj4.es\\\/producto\\\/interludio-de-tristana\\\/#primaryimage\"},\"thumbnailUrl\":\"https:\\\/\\\/miguelhuertaspianista.adrirodrigoj4.es\\\/wp-content\\\/uploads\\\/2026\\\/01\\\/Miguel-Huertas-Camacho_7290-\u00a9_carlosluque_3-scaled.webp\",\"datePublished\":\"2026-01-06T13:29:11+00:00\",\"dateModified\":\"2026-02-10T10:16:39+00:00\",\"breadcrumb\":{\"@id\":\"https:\\\/\\\/miguelhuertaspianista.adrirodrigoj4.es\\\/producto\\\/interludio-de-tristana\\\/#breadcrumb\"},\"inLanguage\":\"en-US\",\"potentialAction\":[{\"@type\":\"ReadAction\",\"target\":[\"https:\\\/\\\/miguelhuertaspianista.adrirodrigoj4.es\\\/producto\\\/interludio-de-tristana\\\/\"]}]},{\"@type\":\"ImageObject\",\"inLanguage\":\"en-US\",\"@id\":\"https:\\\/\\\/miguelhuertaspianista.adrirodrigoj4.es\\\/producto\\\/interludio-de-tristana\\\/#primaryimage\",\"url\":\"https:\\\/\\\/miguelhuertaspianista.adrirodrigoj4.es\\\/wp-content\\\/uploads\\\/2026\\\/01\\\/Miguel-Huertas-Camacho_7290-\u00a9_carlosluque_3-scaled.webp\",\"contentUrl\":\"https:\\\/\\\/miguelhuertaspianista.adrirodrigoj4.es\\\/wp-content\\\/uploads\\\/2026\\\/01\\\/Miguel-Huertas-Camacho_7290-\u00a9_carlosluque_3-scaled.webp\",\"width\":2560,\"height\":1675},{\"@type\":\"BreadcrumbList\",\"@id\":\"https:\\\/\\\/miguelhuertaspianista.adrirodrigoj4.es\\\/producto\\\/interludio-de-tristana\\\/#breadcrumb\",\"itemListElement\":[{\"@type\":\"ListItem\",\"position\":1,\"name\":\"Portada\",\"item\":\"https:\\\/\\\/miguelhuertaspianista.adrirodrigoj4.es\\\/\"},{\"@type\":\"ListItem\",\"position\":2,\"name\":\"Tienda\",\"item\":\"https:\\\/\\\/miguelhuertaspianista.adrirodrigoj4.es\\\/tienda\\\/\"},{\"@type\":\"ListItem\",\"position\":3,\"name\":\"INTERLUDIO DE TRISTANA\"}]},{\"@type\":\"WebSite\",\"@id\":\"https:\\\/\\\/miguelhuertaspianista.adrirodrigoj4.es\\\/#website\",\"url\":\"https:\\\/\\\/miguelhuertaspianista.adrirodrigoj4.es\\\/\",\"name\":\"Miguel Huertas Pianista\",\"description\":\"\",\"publisher\":{\"@id\":\"https:\\\/\\\/miguelhuertaspianista.adrirodrigoj4.es\\\/#organization\"},\"potentialAction\":[{\"@type\":\"SearchAction\",\"target\":{\"@type\":\"EntryPoint\",\"urlTemplate\":\"https:\\\/\\\/miguelhuertaspianista.adrirodrigoj4.es\\\/?s={search_term_string}\"},\"query-input\":{\"@type\":\"PropertyValueSpecification\",\"valueRequired\":true,\"valueName\":\"search_term_string\"}}],\"inLanguage\":\"en-US\"},{\"@type\":\"Organization\",\"@id\":\"https:\\\/\\\/miguelhuertaspianista.adrirodrigoj4.es\\\/#organization\",\"name\":\"Miguel Huertas Pianista\",\"url\":\"https:\\\/\\\/miguelhuertaspianista.adrirodrigoj4.es\\\/\",\"logo\":{\"@type\":\"ImageObject\",\"inLanguage\":\"en-US\",\"@id\":\"https:\\\/\\\/miguelhuertaspianista.adrirodrigoj4.es\\\/#\\\/schema\\\/logo\\\/image\\\/\",\"url\":\"https:\\\/\\\/miguelhuertaspianista.adrirodrigoj4.es\\\/wp-content\\\/uploads\\\/2025\\\/12\\\/mhc.webp\",\"contentUrl\":\"https:\\\/\\\/miguelhuertaspianista.adrirodrigoj4.es\\\/wp-content\\\/uploads\\\/2025\\\/12\\\/mhc.webp\",\"width\":500,\"height\":500,\"caption\":\"Miguel Huertas Pianista\"},\"image\":{\"@id\":\"https:\\\/\\\/miguelhuertaspianista.adrirodrigoj4.es\\\/#\\\/schema\\\/logo\\\/image\\\/\"}}]}<\/script>\n<!-- \/ Yoast SEO plugin. -->","yoast_head_json":{"title":"INTERLUDIO DE TRISTANA - Miguel Huertas Pianista","robots":{"index":"noindex","follow":"follow","max-snippet":"max-snippet:-1","max-image-preview":"max-image-preview:large","max-video-preview":"max-video-preview:-1"},"og_locale":"en_US","og_type":"article","og_title":"INTERLUDIO DE TRISTANA - Miguel Huertas Pianista","og_description":"Fecha de composici\u00f3n: marzo de 2025 Instrumentaci\u00f3n: piano solo Duraci\u00f3n: 2 minutos 30 segundos. Encargo: Festival \u00d3pera a Quemarropa (Pieza instrumental central de la \u00f3pera Tristana) Estreno: Auditorio de San Lorenzo de El Escorial. 27 de junio de 2025.   https:\/\/miguelhuertaspianista.adrirodrigoj4.es\/wp-content\/uploads\/2026\/02\/Interludio-de-Tristana.mp3","og_url":"https:\/\/miguelhuertaspianista.adrirodrigoj4.es\/en\/producto\/interludio-de-tristana\/","og_site_name":"Miguel Huertas Pianista","article_modified_time":"2026-02-10T10:16:39+00:00","og_image":[{"width":2560,"height":1675,"url":"https:\/\/miguelhuertaspianista.adrirodrigoj4.es\/wp-content\/uploads\/2026\/01\/Miguel-Huertas-Camacho_7290-\u00a9_carlosluque_3-scaled.webp","type":"image\/jpeg"}],"twitter_card":"summary_large_image","twitter_misc":{"Est. reading time":"1 minute"},"schema":{"@context":"https:\/\/schema.org","@graph":[{"@type":"WebPage","@id":"https:\/\/miguelhuertaspianista.adrirodrigoj4.es\/producto\/interludio-de-tristana\/","url":"https:\/\/miguelhuertaspianista.adrirodrigoj4.es\/producto\/interludio-de-tristana\/","name":"INTERLUDIO DE TRISTANA - Miguel Huertas Pianista","isPartOf":{"@id":"https:\/\/miguelhuertaspianista.adrirodrigoj4.es\/#website"},"primaryImageOfPage":{"@id":"https:\/\/miguelhuertaspianista.adrirodrigoj4.es\/producto\/interludio-de-tristana\/#primaryimage"},"image":{"@id":"https:\/\/miguelhuertaspianista.adrirodrigoj4.es\/producto\/interludio-de-tristana\/#primaryimage"},"thumbnailUrl":"https:\/\/miguelhuertaspianista.adrirodrigoj4.es\/wp-content\/uploads\/2026\/01\/Miguel-Huertas-Camacho_7290-\u00a9_carlosluque_3-scaled.webp","datePublished":"2026-01-06T13:29:11+00:00","dateModified":"2026-02-10T10:16:39+00:00","breadcrumb":{"@id":"https:\/\/miguelhuertaspianista.adrirodrigoj4.es\/producto\/interludio-de-tristana\/#breadcrumb"},"inLanguage":"en-US","potentialAction":[{"@type":"ReadAction","target":["https:\/\/miguelhuertaspianista.adrirodrigoj4.es\/producto\/interludio-de-tristana\/"]}]},{"@type":"ImageObject","inLanguage":"en-US","@id":"https:\/\/miguelhuertaspianista.adrirodrigoj4.es\/producto\/interludio-de-tristana\/#primaryimage","url":"https:\/\/miguelhuertaspianista.adrirodrigoj4.es\/wp-content\/uploads\/2026\/01\/Miguel-Huertas-Camacho_7290-\u00a9_carlosluque_3-scaled.webp","contentUrl":"https:\/\/miguelhuertaspianista.adrirodrigoj4.es\/wp-content\/uploads\/2026\/01\/Miguel-Huertas-Camacho_7290-\u00a9_carlosluque_3-scaled.webp","width":2560,"height":1675},{"@type":"BreadcrumbList","@id":"https:\/\/miguelhuertaspianista.adrirodrigoj4.es\/producto\/interludio-de-tristana\/#breadcrumb","itemListElement":[{"@type":"ListItem","position":1,"name":"Portada","item":"https:\/\/miguelhuertaspianista.adrirodrigoj4.es\/"},{"@type":"ListItem","position":2,"name":"Tienda","item":"https:\/\/miguelhuertaspianista.adrirodrigoj4.es\/tienda\/"},{"@type":"ListItem","position":3,"name":"INTERLUDIO DE TRISTANA"}]},{"@type":"WebSite","@id":"https:\/\/miguelhuertaspianista.adrirodrigoj4.es\/#website","url":"https:\/\/miguelhuertaspianista.adrirodrigoj4.es\/","name":"Miguel Huertas Pianista","description":"","publisher":{"@id":"https:\/\/miguelhuertaspianista.adrirodrigoj4.es\/#organization"},"potentialAction":[{"@type":"SearchAction","target":{"@type":"EntryPoint","urlTemplate":"https:\/\/miguelhuertaspianista.adrirodrigoj4.es\/?s={search_term_string}"},"query-input":{"@type":"PropertyValueSpecification","valueRequired":true,"valueName":"search_term_string"}}],"inLanguage":"en-US"},{"@type":"Organization","@id":"https:\/\/miguelhuertaspianista.adrirodrigoj4.es\/#organization","name":"Miguel Huertas Pianista","url":"https:\/\/miguelhuertaspianista.adrirodrigoj4.es\/","logo":{"@type":"ImageObject","inLanguage":"en-US","@id":"https:\/\/miguelhuertaspianista.adrirodrigoj4.es\/#\/schema\/logo\/image\/","url":"https:\/\/miguelhuertaspianista.adrirodrigoj4.es\/wp-content\/uploads\/2025\/12\/mhc.webp","contentUrl":"https:\/\/miguelhuertaspianista.adrirodrigoj4.es\/wp-content\/uploads\/2025\/12\/mhc.webp","width":500,"height":500,"caption":"Miguel Huertas Pianista"},"image":{"@id":"https:\/\/miguelhuertaspianista.adrirodrigoj4.es\/#\/schema\/logo\/image\/"}}]}},"_links":{"self":[{"href":"https:\/\/miguelhuertaspianista.adrirodrigoj4.es\/en\/wp-json\/wp\/v2\/product\/1021","targetHints":{"allow":["GET"]}}],"collection":[{"href":"https:\/\/miguelhuertaspianista.adrirodrigoj4.es\/en\/wp-json\/wp\/v2\/product"}],"about":[{"href":"https:\/\/miguelhuertaspianista.adrirodrigoj4.es\/en\/wp-json\/wp\/v2\/types\/product"}],"version-history":[{"count":2,"href":"https:\/\/miguelhuertaspianista.adrirodrigoj4.es\/en\/wp-json\/wp\/v2\/product\/1021\/revisions"}],"predecessor-version":[{"id":2830,"href":"https:\/\/miguelhuertaspianista.adrirodrigoj4.es\/en\/wp-json\/wp\/v2\/product\/1021\/revisions\/2830"}],"wp:featuredmedia":[{"embeddable":true,"href":"https:\/\/miguelhuertaspianista.adrirodrigoj4.es\/en\/wp-json\/wp\/v2\/media\/1022"}],"wp:attachment":[{"href":"https:\/\/miguelhuertaspianista.adrirodrigoj4.es\/en\/wp-json\/wp\/v2\/media?parent=1021"}],"wp:term":[{"taxonomy":"product_brand","embeddable":true,"href":"https:\/\/miguelhuertaspianista.adrirodrigoj4.es\/en\/wp-json\/wp\/v2\/product_brand?post=1021"},{"taxonomy":"product_cat","embeddable":true,"href":"https:\/\/miguelhuertaspianista.adrirodrigoj4.es\/en\/wp-json\/wp\/v2\/product_cat?post=1021"},{"taxonomy":"product_tag","embeddable":true,"href":"https:\/\/miguelhuertaspianista.adrirodrigoj4.es\/en\/wp-json\/wp\/v2\/product_tag?post=1021"}],"curies":[{"name":"wp","href":"https:\/\/api.w.org\/{rel}","templated":true}]}}