{"id":1175,"date":"2026-01-07T13:02:59","date_gmt":"2026-01-07T12:02:59","guid":{"rendered":"https:\/\/miguelhuertaspianista.adrirodrigoj4.es\/?post_type=product&#038;p=1175"},"modified":"2026-02-09T23:00:51","modified_gmt":"2026-02-09T22:00:51","slug":"tristana-alquiler","status":"publish","type":"product","link":"https:\/\/miguelhuertaspianista.adrirodrigoj4.es\/en\/product\/tristana-alquiler\/","title":{"rendered":"TRISTANA (Alquiler)"},"content":{"rendered":"<p><span data-sheets-root=\"1\">\u00d3pera de c\u00e1mara con libreto de Jorge Volpi basado en la obra de P\u00e9rez Gald\u00f3s y la versi\u00f3n cinematogr\u00e1fica de Bu\u00f1uel. La \u00f3pera requiere 3 solistas (S,T,B), una actriz, piano, violoncello, percusi\u00f3n y electr\u00f3nica. Fue estrenada en 2025 y tiene una duraci\u00f3n aproximada de 70 minutos.<\/span><\/p>","protected":false},"excerpt":{"rendered":"<p><span data-sheets-root=\"1\">\u00d3pera de c\u00e1mara en un pr\u00f3logo y 14 escenas<br \/>\nLibreto de Jorge Volpi a partir de la novela de Gald\u00f3s y el gui\u00f3n de Luis Bu\u00f1uel y Julio Alejandro<\/span><\/p>\n<p>Pr\u00f3logo. Me siento inquieta y ambiciosa (Canci\u00f3n de Tristana)<br \/>\nEscena 1. \u00bfEn qu\u00e9 piensas, Tristana?<br \/>\nEscena 2. \u00bfQu\u00e9 hombre es este? D\u00fao de amor<br \/>\nEscena 3. Sempre libera<br \/>\nEscena 4. Te estoy enga\u00f1ando y no debo ni quiero enga\u00f1arte<br \/>\nEscena 5. No ha nacido persona que me enga\u00f1e\u2026Los d\u00edas de enero me vuelven melanc\u00f3lico y taciturno (Aria de Lope)<br \/>\nEscena 6. \u00bfFue \u00e9l? Fue un accidente\u2026No s\u00e9 qui\u00e9n eres, Tristana (Aria de Horacio)<br \/>\nEscena 7. Sola, abbandonata in questo popoloso deserto<br \/>\nEscena 8. Lo quiero. Contigo\u2026No s\u00e9 qui\u00e9n eres, Horacio (Aria de Tristana)<br \/>\nInterludio de Tristana. Tema de amor<br \/>\nEscena 9. He pasado una noche cruel<br \/>\nEscena 10. Me ha dicho el m\u00e9dico que mucho dolor es se\u00f1al de mejor\u00eda<br \/>\nEscena 11. Tristana empeor\u00f3 tanto que nada pudo su fuerza de voluntad<br \/>\nEscena 12. Todav\u00eda me duele<br \/>\nEscena 13. Ya sabes de la desgracia. Qu\u00e9 horror. Con ese talento.<br \/>\nEscena 14. En la novela, don Benito se despacha en unas cuantas l\u00edneas\u2026me siento inquieta y ambiciosa (Aria final)<\/p>\n<p>Fecha de composici\u00f3n: 2025<br \/>\nInstrumentaci\u00f3n: Soprano, bar\u00edtono, tenor y actriz; Piano, violonchelo, percusi\u00f3n y electr\u00f3nica.<br \/>\nDuraci\u00f3n: 70 minutos.<br \/>\nEncargo: Comunidad de Madrid, Auditorio de Tenerife, Teatro Extremo.<br \/>\nEstreno : Ruth Gonz\u00e1lez, Enrique S\u00e1nchez, C\u00e9sar Arrieta y Luisa Torregrosa; El compositor, Irene Celestino, Juanjo Guill\u00e9n y Pedro Fraguela. Auditorio de San Lorenzo de El Escorial, Madrid. 2025<\/p>","protected":false},"featured_media":1484,"template":"","meta":[],"product_brand":[],"product_cat":[68,138],"product_tag":[],"class_list":{"0":"post-1175","1":"product","2":"type-product","3":"status-publish","4":"has-post-thumbnail","6":"product_cat-opera","7":"product_cat-opera-de-camara","9":"first","10":"instock","11":"taxable","12":"shipping-taxable","13":"product-type-variable"},"yoast_head":"<!-- This site is optimized with the Yoast SEO plugin v27.4 - https:\/\/yoast.com\/product\/yoast-seo-wordpress\/ -->\n<title>TRISTANA (Alquiler) - Miguel Huertas Pianista<\/title>\n<meta name=\"robots\" content=\"noindex, follow, max-snippet:-1, max-image-preview:large, max-video-preview:-1\" \/>\n<meta property=\"og:locale\" content=\"en_US\" \/>\n<meta property=\"og:type\" content=\"article\" \/>\n<meta property=\"og:title\" content=\"TRISTANA (Alquiler) - Miguel Huertas Pianista\" \/>\n<meta property=\"og:description\" content=\"\u00d3pera de c\u00e1mara en un pr\u00f3logo y 14 escenas Libreto de Jorge Volpi a partir de la novela de Gald\u00f3s y el gui\u00f3n de Luis Bu\u00f1uel y Julio Alejandro  Pr\u00f3logo. Me siento inquieta y ambiciosa (Canci\u00f3n de Tristana) Escena 1. \u00bfEn qu\u00e9 piensas, Tristana? Escena 2. \u00bfQu\u00e9 hombre es este? D\u00fao de amor Escena 3. Sempre libera Escena 4. Te estoy enga\u00f1ando y no debo ni quiero enga\u00f1arte Escena 5. No ha nacido persona que me enga\u00f1e\u2026Los d\u00edas de enero me vuelven melanc\u00f3lico y taciturno (Aria de Lope) Escena 6. \u00bfFue \u00e9l? Fue un accidente\u2026No s\u00e9 qui\u00e9n eres, Tristana (Aria de Horacio) Escena 7. Sola, abbandonata in questo popoloso deserto Escena 8. Lo quiero. Contigo\u2026No s\u00e9 qui\u00e9n eres, Horacio (Aria de Tristana) Interludio de Tristana. Tema de amor Escena 9. He pasado una noche cruel Escena 10. Me ha dicho el m\u00e9dico que mucho dolor es se\u00f1al de mejor\u00eda Escena 11. Tristana empeor\u00f3 tanto que nada pudo su fuerza de voluntad Escena 12. Todav\u00eda me duele Escena 13. Ya sabes de la desgracia. Qu\u00e9 horror. Con ese talento. Escena 14. En la novela, don Benito se despacha en unas cuantas l\u00edneas\u2026me siento inquieta y ambiciosa (Aria final)  Fecha de composici\u00f3n: 2025 Instrumentaci\u00f3n: Soprano, bar\u00edtono, tenor y actriz; Piano, violonchelo, percusi\u00f3n y electr\u00f3nica. Duraci\u00f3n: 70 minutos. Encargo: Comunidad de Madrid, Auditorio de Tenerife, Teatro Extremo. Estreno : Ruth Gonz\u00e1lez, Enrique S\u00e1nchez, C\u00e9sar Arrieta y Luisa Torregrosa; El compositor, Irene Celestino, Juanjo Guill\u00e9n y Pedro Fraguela. Auditorio de San Lorenzo de El Escorial, Madrid. 2025\" \/>\n<meta property=\"og:url\" content=\"https:\/\/miguelhuertaspianista.adrirodrigoj4.es\/en\/producto\/tristana-alquiler\/\" \/>\n<meta property=\"og:site_name\" content=\"Miguel Huertas Pianista\" \/>\n<meta property=\"article:modified_time\" content=\"2026-02-09T22:00:51+00:00\" \/>\n<meta property=\"og:image\" content=\"https:\/\/miguelhuertaspianista.adrirodrigoj4.es\/wp-content\/uploads\/2026\/01\/M-27913-2025_-scaled.webp\" \/>\n\t<meta property=\"og:image:width\" content=\"2560\" \/>\n\t<meta property=\"og:image:height\" content=\"1710\" \/>\n\t<meta property=\"og:image:type\" content=\"image\/jpeg\" \/>\n<meta name=\"twitter:card\" content=\"summary_large_image\" \/>\n<meta name=\"twitter:label1\" content=\"Est. reading time\" \/>\n\t<meta name=\"twitter:data1\" content=\"1 minute\" \/>\n<script type=\"application\/ld+json\" class=\"yoast-schema-graph\">{\"@context\":\"https:\\\/\\\/schema.org\",\"@graph\":[{\"@type\":\"WebPage\",\"@id\":\"https:\\\/\\\/miguelhuertaspianista.adrirodrigoj4.es\\\/producto\\\/tristana-alquiler\\\/\",\"url\":\"https:\\\/\\\/miguelhuertaspianista.adrirodrigoj4.es\\\/producto\\\/tristana-alquiler\\\/\",\"name\":\"TRISTANA (Alquiler) - Miguel Huertas Pianista\",\"isPartOf\":{\"@id\":\"https:\\\/\\\/miguelhuertaspianista.adrirodrigoj4.es\\\/#website\"},\"primaryImageOfPage\":{\"@id\":\"https:\\\/\\\/miguelhuertaspianista.adrirodrigoj4.es\\\/producto\\\/tristana-alquiler\\\/#primaryimage\"},\"image\":{\"@id\":\"https:\\\/\\\/miguelhuertaspianista.adrirodrigoj4.es\\\/producto\\\/tristana-alquiler\\\/#primaryimage\"},\"thumbnailUrl\":\"https:\\\/\\\/miguelhuertaspianista.adrirodrigoj4.es\\\/wp-content\\\/uploads\\\/2026\\\/01\\\/M-27913-2025_-scaled.webp\",\"datePublished\":\"2026-01-07T12:02:59+00:00\",\"dateModified\":\"2026-02-09T22:00:51+00:00\",\"breadcrumb\":{\"@id\":\"https:\\\/\\\/miguelhuertaspianista.adrirodrigoj4.es\\\/producto\\\/tristana-alquiler\\\/#breadcrumb\"},\"inLanguage\":\"en-US\",\"potentialAction\":[{\"@type\":\"ReadAction\",\"target\":[\"https:\\\/\\\/miguelhuertaspianista.adrirodrigoj4.es\\\/producto\\\/tristana-alquiler\\\/\"]}]},{\"@type\":\"ImageObject\",\"inLanguage\":\"en-US\",\"@id\":\"https:\\\/\\\/miguelhuertaspianista.adrirodrigoj4.es\\\/producto\\\/tristana-alquiler\\\/#primaryimage\",\"url\":\"https:\\\/\\\/miguelhuertaspianista.adrirodrigoj4.es\\\/wp-content\\\/uploads\\\/2026\\\/01\\\/M-27913-2025_-scaled.webp\",\"contentUrl\":\"https:\\\/\\\/miguelhuertaspianista.adrirodrigoj4.es\\\/wp-content\\\/uploads\\\/2026\\\/01\\\/M-27913-2025_-scaled.webp\",\"width\":2560,\"height\":1710},{\"@type\":\"BreadcrumbList\",\"@id\":\"https:\\\/\\\/miguelhuertaspianista.adrirodrigoj4.es\\\/producto\\\/tristana-alquiler\\\/#breadcrumb\",\"itemListElement\":[{\"@type\":\"ListItem\",\"position\":1,\"name\":\"Portada\",\"item\":\"https:\\\/\\\/miguelhuertaspianista.adrirodrigoj4.es\\\/\"},{\"@type\":\"ListItem\",\"position\":2,\"name\":\"Tienda\",\"item\":\"https:\\\/\\\/miguelhuertaspianista.adrirodrigoj4.es\\\/tienda\\\/\"},{\"@type\":\"ListItem\",\"position\":3,\"name\":\"TRISTANA (Alquiler)\"}]},{\"@type\":\"WebSite\",\"@id\":\"https:\\\/\\\/miguelhuertaspianista.adrirodrigoj4.es\\\/#website\",\"url\":\"https:\\\/\\\/miguelhuertaspianista.adrirodrigoj4.es\\\/\",\"name\":\"Miguel Huertas Pianista\",\"description\":\"\",\"publisher\":{\"@id\":\"https:\\\/\\\/miguelhuertaspianista.adrirodrigoj4.es\\\/#organization\"},\"potentialAction\":[{\"@type\":\"SearchAction\",\"target\":{\"@type\":\"EntryPoint\",\"urlTemplate\":\"https:\\\/\\\/miguelhuertaspianista.adrirodrigoj4.es\\\/?s={search_term_string}\"},\"query-input\":{\"@type\":\"PropertyValueSpecification\",\"valueRequired\":true,\"valueName\":\"search_term_string\"}}],\"inLanguage\":\"en-US\"},{\"@type\":\"Organization\",\"@id\":\"https:\\\/\\\/miguelhuertaspianista.adrirodrigoj4.es\\\/#organization\",\"name\":\"Miguel Huertas Pianista\",\"url\":\"https:\\\/\\\/miguelhuertaspianista.adrirodrigoj4.es\\\/\",\"logo\":{\"@type\":\"ImageObject\",\"inLanguage\":\"en-US\",\"@id\":\"https:\\\/\\\/miguelhuertaspianista.adrirodrigoj4.es\\\/#\\\/schema\\\/logo\\\/image\\\/\",\"url\":\"https:\\\/\\\/miguelhuertaspianista.adrirodrigoj4.es\\\/wp-content\\\/uploads\\\/2025\\\/12\\\/mhc.webp\",\"contentUrl\":\"https:\\\/\\\/miguelhuertaspianista.adrirodrigoj4.es\\\/wp-content\\\/uploads\\\/2025\\\/12\\\/mhc.webp\",\"width\":500,\"height\":500,\"caption\":\"Miguel Huertas Pianista\"},\"image\":{\"@id\":\"https:\\\/\\\/miguelhuertaspianista.adrirodrigoj4.es\\\/#\\\/schema\\\/logo\\\/image\\\/\"}}]}<\/script>\n<!-- \/ Yoast SEO plugin. -->","yoast_head_json":{"title":"TRISTANA (Alquiler) - Miguel Huertas Pianista","robots":{"index":"noindex","follow":"follow","max-snippet":"max-snippet:-1","max-image-preview":"max-image-preview:large","max-video-preview":"max-video-preview:-1"},"og_locale":"en_US","og_type":"article","og_title":"TRISTANA (Alquiler) - Miguel Huertas Pianista","og_description":"\u00d3pera de c\u00e1mara en un pr\u00f3logo y 14 escenas Libreto de Jorge Volpi a partir de la novela de Gald\u00f3s y el gui\u00f3n de Luis Bu\u00f1uel y Julio Alejandro  Pr\u00f3logo. Me siento inquieta y ambiciosa (Canci\u00f3n de Tristana) Escena 1. \u00bfEn qu\u00e9 piensas, Tristana? Escena 2. \u00bfQu\u00e9 hombre es este? D\u00fao de amor Escena 3. Sempre libera Escena 4. Te estoy enga\u00f1ando y no debo ni quiero enga\u00f1arte Escena 5. No ha nacido persona que me enga\u00f1e\u2026Los d\u00edas de enero me vuelven melanc\u00f3lico y taciturno (Aria de Lope) Escena 6. \u00bfFue \u00e9l? Fue un accidente\u2026No s\u00e9 qui\u00e9n eres, Tristana (Aria de Horacio) Escena 7. Sola, abbandonata in questo popoloso deserto Escena 8. Lo quiero. Contigo\u2026No s\u00e9 qui\u00e9n eres, Horacio (Aria de Tristana) Interludio de Tristana. Tema de amor Escena 9. He pasado una noche cruel Escena 10. Me ha dicho el m\u00e9dico que mucho dolor es se\u00f1al de mejor\u00eda Escena 11. Tristana empeor\u00f3 tanto que nada pudo su fuerza de voluntad Escena 12. Todav\u00eda me duele Escena 13. Ya sabes de la desgracia. Qu\u00e9 horror. Con ese talento. Escena 14. En la novela, don Benito se despacha en unas cuantas l\u00edneas\u2026me siento inquieta y ambiciosa (Aria final)  Fecha de composici\u00f3n: 2025 Instrumentaci\u00f3n: Soprano, bar\u00edtono, tenor y actriz; Piano, violonchelo, percusi\u00f3n y electr\u00f3nica. Duraci\u00f3n: 70 minutos. Encargo: Comunidad de Madrid, Auditorio de Tenerife, Teatro Extremo. Estreno : Ruth Gonz\u00e1lez, Enrique S\u00e1nchez, C\u00e9sar Arrieta y Luisa Torregrosa; El compositor, Irene Celestino, Juanjo Guill\u00e9n y Pedro Fraguela. Auditorio de San Lorenzo de El Escorial, Madrid. 2025","og_url":"https:\/\/miguelhuertaspianista.adrirodrigoj4.es\/en\/producto\/tristana-alquiler\/","og_site_name":"Miguel Huertas Pianista","article_modified_time":"2026-02-09T22:00:51+00:00","og_image":[{"width":2560,"height":1710,"url":"https:\/\/miguelhuertaspianista.adrirodrigoj4.es\/wp-content\/uploads\/2026\/01\/M-27913-2025_-scaled.webp","type":"image\/jpeg"}],"twitter_card":"summary_large_image","twitter_misc":{"Est. reading time":"1 minute"},"schema":{"@context":"https:\/\/schema.org","@graph":[{"@type":"WebPage","@id":"https:\/\/miguelhuertaspianista.adrirodrigoj4.es\/producto\/tristana-alquiler\/","url":"https:\/\/miguelhuertaspianista.adrirodrigoj4.es\/producto\/tristana-alquiler\/","name":"TRISTANA (Alquiler) - Miguel Huertas Pianista","isPartOf":{"@id":"https:\/\/miguelhuertaspianista.adrirodrigoj4.es\/#website"},"primaryImageOfPage":{"@id":"https:\/\/miguelhuertaspianista.adrirodrigoj4.es\/producto\/tristana-alquiler\/#primaryimage"},"image":{"@id":"https:\/\/miguelhuertaspianista.adrirodrigoj4.es\/producto\/tristana-alquiler\/#primaryimage"},"thumbnailUrl":"https:\/\/miguelhuertaspianista.adrirodrigoj4.es\/wp-content\/uploads\/2026\/01\/M-27913-2025_-scaled.webp","datePublished":"2026-01-07T12:02:59+00:00","dateModified":"2026-02-09T22:00:51+00:00","breadcrumb":{"@id":"https:\/\/miguelhuertaspianista.adrirodrigoj4.es\/producto\/tristana-alquiler\/#breadcrumb"},"inLanguage":"en-US","potentialAction":[{"@type":"ReadAction","target":["https:\/\/miguelhuertaspianista.adrirodrigoj4.es\/producto\/tristana-alquiler\/"]}]},{"@type":"ImageObject","inLanguage":"en-US","@id":"https:\/\/miguelhuertaspianista.adrirodrigoj4.es\/producto\/tristana-alquiler\/#primaryimage","url":"https:\/\/miguelhuertaspianista.adrirodrigoj4.es\/wp-content\/uploads\/2026\/01\/M-27913-2025_-scaled.webp","contentUrl":"https:\/\/miguelhuertaspianista.adrirodrigoj4.es\/wp-content\/uploads\/2026\/01\/M-27913-2025_-scaled.webp","width":2560,"height":1710},{"@type":"BreadcrumbList","@id":"https:\/\/miguelhuertaspianista.adrirodrigoj4.es\/producto\/tristana-alquiler\/#breadcrumb","itemListElement":[{"@type":"ListItem","position":1,"name":"Portada","item":"https:\/\/miguelhuertaspianista.adrirodrigoj4.es\/"},{"@type":"ListItem","position":2,"name":"Tienda","item":"https:\/\/miguelhuertaspianista.adrirodrigoj4.es\/tienda\/"},{"@type":"ListItem","position":3,"name":"TRISTANA (Alquiler)"}]},{"@type":"WebSite","@id":"https:\/\/miguelhuertaspianista.adrirodrigoj4.es\/#website","url":"https:\/\/miguelhuertaspianista.adrirodrigoj4.es\/","name":"Miguel Huertas Pianista","description":"","publisher":{"@id":"https:\/\/miguelhuertaspianista.adrirodrigoj4.es\/#organization"},"potentialAction":[{"@type":"SearchAction","target":{"@type":"EntryPoint","urlTemplate":"https:\/\/miguelhuertaspianista.adrirodrigoj4.es\/?s={search_term_string}"},"query-input":{"@type":"PropertyValueSpecification","valueRequired":true,"valueName":"search_term_string"}}],"inLanguage":"en-US"},{"@type":"Organization","@id":"https:\/\/miguelhuertaspianista.adrirodrigoj4.es\/#organization","name":"Miguel Huertas Pianista","url":"https:\/\/miguelhuertaspianista.adrirodrigoj4.es\/","logo":{"@type":"ImageObject","inLanguage":"en-US","@id":"https:\/\/miguelhuertaspianista.adrirodrigoj4.es\/#\/schema\/logo\/image\/","url":"https:\/\/miguelhuertaspianista.adrirodrigoj4.es\/wp-content\/uploads\/2025\/12\/mhc.webp","contentUrl":"https:\/\/miguelhuertaspianista.adrirodrigoj4.es\/wp-content\/uploads\/2025\/12\/mhc.webp","width":500,"height":500,"caption":"Miguel Huertas Pianista"},"image":{"@id":"https:\/\/miguelhuertaspianista.adrirodrigoj4.es\/#\/schema\/logo\/image\/"}}]}},"_links":{"self":[{"href":"https:\/\/miguelhuertaspianista.adrirodrigoj4.es\/en\/wp-json\/wp\/v2\/product\/1175","targetHints":{"allow":["GET"]}}],"collection":[{"href":"https:\/\/miguelhuertaspianista.adrirodrigoj4.es\/en\/wp-json\/wp\/v2\/product"}],"about":[{"href":"https:\/\/miguelhuertaspianista.adrirodrigoj4.es\/en\/wp-json\/wp\/v2\/types\/product"}],"version-history":[{"count":5,"href":"https:\/\/miguelhuertaspianista.adrirodrigoj4.es\/en\/wp-json\/wp\/v2\/product\/1175\/revisions"}],"predecessor-version":[{"id":1213,"href":"https:\/\/miguelhuertaspianista.adrirodrigoj4.es\/en\/wp-json\/wp\/v2\/product\/1175\/revisions\/1213"}],"wp:featuredmedia":[{"embeddable":true,"href":"https:\/\/miguelhuertaspianista.adrirodrigoj4.es\/en\/wp-json\/wp\/v2\/media\/1484"}],"wp:attachment":[{"href":"https:\/\/miguelhuertaspianista.adrirodrigoj4.es\/en\/wp-json\/wp\/v2\/media?parent=1175"}],"wp:term":[{"taxonomy":"product_brand","embeddable":true,"href":"https:\/\/miguelhuertaspianista.adrirodrigoj4.es\/en\/wp-json\/wp\/v2\/product_brand?post=1175"},{"taxonomy":"product_cat","embeddable":true,"href":"https:\/\/miguelhuertaspianista.adrirodrigoj4.es\/en\/wp-json\/wp\/v2\/product_cat?post=1175"},{"taxonomy":"product_tag","embeddable":true,"href":"https:\/\/miguelhuertaspianista.adrirodrigoj4.es\/en\/wp-json\/wp\/v2\/product_tag?post=1175"}],"curies":[{"name":"wp","href":"https:\/\/api.w.org\/{rel}","templated":true}]}}