{"id":2265,"date":"2026-02-04T19:08:42","date_gmt":"2026-02-04T18:08:42","guid":{"rendered":"https:\/\/miguelhuertaspianista.adrirodrigoj4.es\/producto\/esta-divina-prision-impresa\/"},"modified":"2026-02-10T04:57:50","modified_gmt":"2026-02-10T03:57:50","slug":"esta-divina-prision-impresa","status":"publish","type":"product","link":"https:\/\/miguelhuertaspianista.adrirodrigoj4.es\/en\/product\/esta-divina-prision-impresa\/","title":{"rendered":"ESTA DIVINA PRISI\u00d3N"},"content":{"rendered":"<audio class=\"wp-audio-shortcode\" id=\"audio-2265-2\" preload=\"none\" style=\"width: 100%;\" controls=\"controls\"><source type=\"audio\/mpeg\" src=\"https:\/\/miguelhuertaspianista.adrirodrigoj4.es\/wp-content\/uploads\/2026\/02\/Esta-divina-prision.mp3?_=2\" \/><a href=\"https:\/\/miguelhuertaspianista.adrirodrigoj4.es\/wp-content\/uploads\/2026\/02\/Esta-divina-prision.mp3\">https:\/\/miguelhuertaspianista.adrirodrigoj4.es\/wp-content\/uploads\/2026\/02\/Esta-divina-prision.mp3<\/a><\/audio>\n<p>Esta pieza para piano signific\u00f3 el pr\u00f3logo del libro de Ram\u00f3n S\u00e1ez Alonso, Los Relatos de Lola en 2019. La pieza, de marcado car\u00e1cter espa\u00f1ol, describe la relaci\u00f3n entre los dos personajes centrales del libro.<\/p>","protected":false},"excerpt":{"rendered":"<p>Fecha de composici\u00f3n: 2017<br \/>\nInstrumentaci\u00f3n: piano solo<br \/>\nDuraci\u00f3n: 3 minutos<br \/>\nEncargo: Pieza para el espect\u00e1culo po\u00e9tico-teatral con el mismo nombre.<br \/>\nEstreno: Teatro de la Comedia, Madrid. 21 de octubre 2019<\/p>\n<p>&nbsp;<\/p>\n<p><audio class=\"wp-audio-shortcode\" id=\"audio-2265-1\" preload=\"none\" style=\"width: 100%;\" controls=\"controls\"><source type=\"audio\/mpeg\" src=\"https:\/\/miguelhuertaspianista.adrirodrigoj4.es\/wp-content\/uploads\/2026\/02\/Esta-divina-prision.mp3?_=1\" \/><a href=\"https:\/\/miguelhuertaspianista.adrirodrigoj4.es\/wp-content\/uploads\/2026\/02\/Esta-divina-prision.mp3\">https:\/\/miguelhuertaspianista.adrirodrigoj4.es\/wp-content\/uploads\/2026\/02\/Esta-divina-prision.mp3<\/a><\/audio><\/p>","protected":false},"featured_media":2263,"template":"","meta":[],"product_brand":[],"product_cat":[65,70],"product_tag":[],"class_list":{"0":"post-2265","1":"product","2":"type-product","3":"status-publish","4":"has-post-thumbnail","6":"product_cat-instrumento-solo","7":"product_cat-original","9":"first","10":"instock","11":"taxable","12":"shipping-taxable","13":"purchasable","14":"product-type-variable"},"yoast_head":"<!-- This site is optimized with the Yoast SEO plugin v27.4 - https:\/\/yoast.com\/product\/yoast-seo-wordpress\/ -->\n<title>ESTA DIVINA PRISI\u00d3N - Miguel Huertas Pianista<\/title>\n<meta name=\"robots\" content=\"noindex, follow, max-snippet:-1, max-image-preview:large, max-video-preview:-1\" \/>\n<meta property=\"og:locale\" content=\"en_US\" \/>\n<meta property=\"og:type\" content=\"article\" \/>\n<meta property=\"og:title\" content=\"ESTA DIVINA PRISI\u00d3N - Miguel Huertas Pianista\" \/>\n<meta property=\"og:description\" content=\"Fecha de composici\u00f3n: 2017 Instrumentaci\u00f3n: piano solo Duraci\u00f3n: 3 minutos Encargo: Pieza para el espect\u00e1culo po\u00e9tico-teatral con el mismo nombre. Estreno: Teatro de la Comedia, Madrid. 21 de octubre 2019  &nbsp;  https:\/\/miguelhuertaspianista.adrirodrigoj4.es\/wp-content\/uploads\/2026\/02\/Esta-divina-prision.mp3\" \/>\n<meta property=\"og:url\" content=\"https:\/\/miguelhuertaspianista.adrirodrigoj4.es\/en\/producto\/esta-divina-prision-impresa\/\" \/>\n<meta property=\"og:site_name\" content=\"Miguel Huertas Pianista\" \/>\n<meta property=\"article:modified_time\" content=\"2026-02-10T03:57:50+00:00\" \/>\n<meta property=\"og:image\" content=\"https:\/\/miguelhuertaspianista.adrirodrigoj4.es\/wp-content\/uploads\/2026\/02\/M-27799-2025-1.webp\" \/>\n\t<meta property=\"og:image:width\" content=\"1600\" \/>\n\t<meta property=\"og:image:height\" content=\"1069\" \/>\n\t<meta property=\"og:image:type\" content=\"image\/jpeg\" \/>\n<meta name=\"twitter:card\" content=\"summary_large_image\" \/>\n<meta name=\"twitter:label1\" content=\"Est. reading time\" \/>\n\t<meta name=\"twitter:data1\" content=\"1 minute\" \/>\n<script type=\"application\/ld+json\" class=\"yoast-schema-graph\">{\"@context\":\"https:\\\/\\\/schema.org\",\"@graph\":[{\"@type\":\"WebPage\",\"@id\":\"https:\\\/\\\/miguelhuertaspianista.adrirodrigoj4.es\\\/producto\\\/esta-divina-prision-impresa\\\/\",\"url\":\"https:\\\/\\\/miguelhuertaspianista.adrirodrigoj4.es\\\/producto\\\/esta-divina-prision-impresa\\\/\",\"name\":\"ESTA DIVINA PRISI\u00d3N - Miguel Huertas Pianista\",\"isPartOf\":{\"@id\":\"https:\\\/\\\/miguelhuertaspianista.adrirodrigoj4.es\\\/#website\"},\"primaryImageOfPage\":{\"@id\":\"https:\\\/\\\/miguelhuertaspianista.adrirodrigoj4.es\\\/producto\\\/esta-divina-prision-impresa\\\/#primaryimage\"},\"image\":{\"@id\":\"https:\\\/\\\/miguelhuertaspianista.adrirodrigoj4.es\\\/producto\\\/esta-divina-prision-impresa\\\/#primaryimage\"},\"thumbnailUrl\":\"https:\\\/\\\/miguelhuertaspianista.adrirodrigoj4.es\\\/wp-content\\\/uploads\\\/2026\\\/02\\\/M-27799-2025-1.webp\",\"datePublished\":\"2026-02-04T18:08:42+00:00\",\"dateModified\":\"2026-02-10T03:57:50+00:00\",\"breadcrumb\":{\"@id\":\"https:\\\/\\\/miguelhuertaspianista.adrirodrigoj4.es\\\/producto\\\/esta-divina-prision-impresa\\\/#breadcrumb\"},\"inLanguage\":\"en-US\",\"potentialAction\":[{\"@type\":\"ReadAction\",\"target\":[\"https:\\\/\\\/miguelhuertaspianista.adrirodrigoj4.es\\\/producto\\\/esta-divina-prision-impresa\\\/\"]}]},{\"@type\":\"ImageObject\",\"inLanguage\":\"en-US\",\"@id\":\"https:\\\/\\\/miguelhuertaspianista.adrirodrigoj4.es\\\/producto\\\/esta-divina-prision-impresa\\\/#primaryimage\",\"url\":\"https:\\\/\\\/miguelhuertaspianista.adrirodrigoj4.es\\\/wp-content\\\/uploads\\\/2026\\\/02\\\/M-27799-2025-1.webp\",\"contentUrl\":\"https:\\\/\\\/miguelhuertaspianista.adrirodrigoj4.es\\\/wp-content\\\/uploads\\\/2026\\\/02\\\/M-27799-2025-1.webp\",\"width\":1600,\"height\":1069},{\"@type\":\"BreadcrumbList\",\"@id\":\"https:\\\/\\\/miguelhuertaspianista.adrirodrigoj4.es\\\/producto\\\/esta-divina-prision-impresa\\\/#breadcrumb\",\"itemListElement\":[{\"@type\":\"ListItem\",\"position\":1,\"name\":\"Portada\",\"item\":\"https:\\\/\\\/miguelhuertaspianista.adrirodrigoj4.es\\\/\"},{\"@type\":\"ListItem\",\"position\":2,\"name\":\"Tienda\",\"item\":\"https:\\\/\\\/miguelhuertaspianista.adrirodrigoj4.es\\\/tienda\\\/\"},{\"@type\":\"ListItem\",\"position\":3,\"name\":\"ESTA DIVINA PRISI\u00d3N\"}]},{\"@type\":\"WebSite\",\"@id\":\"https:\\\/\\\/miguelhuertaspianista.adrirodrigoj4.es\\\/#website\",\"url\":\"https:\\\/\\\/miguelhuertaspianista.adrirodrigoj4.es\\\/\",\"name\":\"Miguel Huertas Pianista\",\"description\":\"\",\"publisher\":{\"@id\":\"https:\\\/\\\/miguelhuertaspianista.adrirodrigoj4.es\\\/#organization\"},\"potentialAction\":[{\"@type\":\"SearchAction\",\"target\":{\"@type\":\"EntryPoint\",\"urlTemplate\":\"https:\\\/\\\/miguelhuertaspianista.adrirodrigoj4.es\\\/?s={search_term_string}\"},\"query-input\":{\"@type\":\"PropertyValueSpecification\",\"valueRequired\":true,\"valueName\":\"search_term_string\"}}],\"inLanguage\":\"en-US\"},{\"@type\":\"Organization\",\"@id\":\"https:\\\/\\\/miguelhuertaspianista.adrirodrigoj4.es\\\/#organization\",\"name\":\"Miguel Huertas Pianista\",\"url\":\"https:\\\/\\\/miguelhuertaspianista.adrirodrigoj4.es\\\/\",\"logo\":{\"@type\":\"ImageObject\",\"inLanguage\":\"en-US\",\"@id\":\"https:\\\/\\\/miguelhuertaspianista.adrirodrigoj4.es\\\/#\\\/schema\\\/logo\\\/image\\\/\",\"url\":\"https:\\\/\\\/miguelhuertaspianista.adrirodrigoj4.es\\\/wp-content\\\/uploads\\\/2025\\\/12\\\/mhc.webp\",\"contentUrl\":\"https:\\\/\\\/miguelhuertaspianista.adrirodrigoj4.es\\\/wp-content\\\/uploads\\\/2025\\\/12\\\/mhc.webp\",\"width\":500,\"height\":500,\"caption\":\"Miguel Huertas Pianista\"},\"image\":{\"@id\":\"https:\\\/\\\/miguelhuertaspianista.adrirodrigoj4.es\\\/#\\\/schema\\\/logo\\\/image\\\/\"}}]}<\/script>\n<!-- \/ Yoast SEO plugin. -->","yoast_head_json":{"title":"ESTA DIVINA PRISI\u00d3N - Miguel Huertas Pianista","robots":{"index":"noindex","follow":"follow","max-snippet":"max-snippet:-1","max-image-preview":"max-image-preview:large","max-video-preview":"max-video-preview:-1"},"og_locale":"en_US","og_type":"article","og_title":"ESTA DIVINA PRISI\u00d3N - Miguel Huertas Pianista","og_description":"Fecha de composici\u00f3n: 2017 Instrumentaci\u00f3n: piano solo Duraci\u00f3n: 3 minutos Encargo: Pieza para el espect\u00e1culo po\u00e9tico-teatral con el mismo nombre. Estreno: Teatro de la Comedia, Madrid. 21 de octubre 2019  &nbsp;  https:\/\/miguelhuertaspianista.adrirodrigoj4.es\/wp-content\/uploads\/2026\/02\/Esta-divina-prision.mp3","og_url":"https:\/\/miguelhuertaspianista.adrirodrigoj4.es\/en\/producto\/esta-divina-prision-impresa\/","og_site_name":"Miguel Huertas Pianista","article_modified_time":"2026-02-10T03:57:50+00:00","og_image":[{"width":1600,"height":1069,"url":"https:\/\/miguelhuertaspianista.adrirodrigoj4.es\/wp-content\/uploads\/2026\/02\/M-27799-2025-1.webp","type":"image\/jpeg"}],"twitter_card":"summary_large_image","twitter_misc":{"Est. reading time":"1 minute"},"schema":{"@context":"https:\/\/schema.org","@graph":[{"@type":"WebPage","@id":"https:\/\/miguelhuertaspianista.adrirodrigoj4.es\/producto\/esta-divina-prision-impresa\/","url":"https:\/\/miguelhuertaspianista.adrirodrigoj4.es\/producto\/esta-divina-prision-impresa\/","name":"ESTA DIVINA PRISI\u00d3N - Miguel Huertas Pianista","isPartOf":{"@id":"https:\/\/miguelhuertaspianista.adrirodrigoj4.es\/#website"},"primaryImageOfPage":{"@id":"https:\/\/miguelhuertaspianista.adrirodrigoj4.es\/producto\/esta-divina-prision-impresa\/#primaryimage"},"image":{"@id":"https:\/\/miguelhuertaspianista.adrirodrigoj4.es\/producto\/esta-divina-prision-impresa\/#primaryimage"},"thumbnailUrl":"https:\/\/miguelhuertaspianista.adrirodrigoj4.es\/wp-content\/uploads\/2026\/02\/M-27799-2025-1.webp","datePublished":"2026-02-04T18:08:42+00:00","dateModified":"2026-02-10T03:57:50+00:00","breadcrumb":{"@id":"https:\/\/miguelhuertaspianista.adrirodrigoj4.es\/producto\/esta-divina-prision-impresa\/#breadcrumb"},"inLanguage":"en-US","potentialAction":[{"@type":"ReadAction","target":["https:\/\/miguelhuertaspianista.adrirodrigoj4.es\/producto\/esta-divina-prision-impresa\/"]}]},{"@type":"ImageObject","inLanguage":"en-US","@id":"https:\/\/miguelhuertaspianista.adrirodrigoj4.es\/producto\/esta-divina-prision-impresa\/#primaryimage","url":"https:\/\/miguelhuertaspianista.adrirodrigoj4.es\/wp-content\/uploads\/2026\/02\/M-27799-2025-1.webp","contentUrl":"https:\/\/miguelhuertaspianista.adrirodrigoj4.es\/wp-content\/uploads\/2026\/02\/M-27799-2025-1.webp","width":1600,"height":1069},{"@type":"BreadcrumbList","@id":"https:\/\/miguelhuertaspianista.adrirodrigoj4.es\/producto\/esta-divina-prision-impresa\/#breadcrumb","itemListElement":[{"@type":"ListItem","position":1,"name":"Portada","item":"https:\/\/miguelhuertaspianista.adrirodrigoj4.es\/"},{"@type":"ListItem","position":2,"name":"Tienda","item":"https:\/\/miguelhuertaspianista.adrirodrigoj4.es\/tienda\/"},{"@type":"ListItem","position":3,"name":"ESTA DIVINA PRISI\u00d3N"}]},{"@type":"WebSite","@id":"https:\/\/miguelhuertaspianista.adrirodrigoj4.es\/#website","url":"https:\/\/miguelhuertaspianista.adrirodrigoj4.es\/","name":"Miguel Huertas Pianista","description":"","publisher":{"@id":"https:\/\/miguelhuertaspianista.adrirodrigoj4.es\/#organization"},"potentialAction":[{"@type":"SearchAction","target":{"@type":"EntryPoint","urlTemplate":"https:\/\/miguelhuertaspianista.adrirodrigoj4.es\/?s={search_term_string}"},"query-input":{"@type":"PropertyValueSpecification","valueRequired":true,"valueName":"search_term_string"}}],"inLanguage":"en-US"},{"@type":"Organization","@id":"https:\/\/miguelhuertaspianista.adrirodrigoj4.es\/#organization","name":"Miguel Huertas Pianista","url":"https:\/\/miguelhuertaspianista.adrirodrigoj4.es\/","logo":{"@type":"ImageObject","inLanguage":"en-US","@id":"https:\/\/miguelhuertaspianista.adrirodrigoj4.es\/#\/schema\/logo\/image\/","url":"https:\/\/miguelhuertaspianista.adrirodrigoj4.es\/wp-content\/uploads\/2025\/12\/mhc.webp","contentUrl":"https:\/\/miguelhuertaspianista.adrirodrigoj4.es\/wp-content\/uploads\/2025\/12\/mhc.webp","width":500,"height":500,"caption":"Miguel Huertas Pianista"},"image":{"@id":"https:\/\/miguelhuertaspianista.adrirodrigoj4.es\/#\/schema\/logo\/image\/"}}]}},"_links":{"self":[{"href":"https:\/\/miguelhuertaspianista.adrirodrigoj4.es\/en\/wp-json\/wp\/v2\/product\/2265","targetHints":{"allow":["GET"]}}],"collection":[{"href":"https:\/\/miguelhuertaspianista.adrirodrigoj4.es\/en\/wp-json\/wp\/v2\/product"}],"about":[{"href":"https:\/\/miguelhuertaspianista.adrirodrigoj4.es\/en\/wp-json\/wp\/v2\/types\/product"}],"version-history":[{"count":3,"href":"https:\/\/miguelhuertaspianista.adrirodrigoj4.es\/en\/wp-json\/wp\/v2\/product\/2265\/revisions"}],"predecessor-version":[{"id":2829,"href":"https:\/\/miguelhuertaspianista.adrirodrigoj4.es\/en\/wp-json\/wp\/v2\/product\/2265\/revisions\/2829"}],"wp:featuredmedia":[{"embeddable":true,"href":"https:\/\/miguelhuertaspianista.adrirodrigoj4.es\/en\/wp-json\/wp\/v2\/media\/2263"}],"wp:attachment":[{"href":"https:\/\/miguelhuertaspianista.adrirodrigoj4.es\/en\/wp-json\/wp\/v2\/media?parent=2265"}],"wp:term":[{"taxonomy":"product_brand","embeddable":true,"href":"https:\/\/miguelhuertaspianista.adrirodrigoj4.es\/en\/wp-json\/wp\/v2\/product_brand?post=2265"},{"taxonomy":"product_cat","embeddable":true,"href":"https:\/\/miguelhuertaspianista.adrirodrigoj4.es\/en\/wp-json\/wp\/v2\/product_cat?post=2265"},{"taxonomy":"product_tag","embeddable":true,"href":"https:\/\/miguelhuertaspianista.adrirodrigoj4.es\/en\/wp-json\/wp\/v2\/product_tag?post=2265"}],"curies":[{"name":"wp","href":"https:\/\/api.w.org\/{rel}","templated":true}]}}