{"id":2357,"date":"2026-02-04T19:09:25","date_gmt":"2026-02-04T18:09:25","guid":{"rendered":"https:\/\/miguelhuertaspianista.adrirodrigoj4.es\/producto\/tres-poemas-de-antonio-machado-obra-completa-digital\/"},"modified":"2026-02-09T17:03:38","modified_gmt":"2026-02-09T16:03:38","slug":"tres-poemas-de-antonio-machado-obra-completa-digital","status":"publish","type":"product","link":"https:\/\/miguelhuertaspianista.adrirodrigoj4.es\/en\/product\/tres-poemas-de-antonio-machado-obra-completa-digital\/","title":{"rendered":"TRES POEMAS DE ANTONIO MACHADO &#8211; Obra completa"},"content":{"rendered":"<p>La primera incursi\u00f3n de Miguel Huertas-Camacho en la canci\u00f3n de concierto. Los textos seleccionados en esta colecci\u00f3n son Cantar en tiempos de adversidad (t\u00edtulo del compositor sobre uno de los Tres cantares enviados a Unamuno en 1913), Llam\u00f3 a mi coraz\u00f3n, una alegor\u00eda sobre la p\u00e9rdida de la pasi\u00f3n y la vitalidad del alma y finalmente Era un ni\u00f1o que so\u00f1aba, de su libro Campos de Castilla.<\/p>","protected":false},"excerpt":{"rendered":"<p>Contiene:<br \/>\n1,-Cantar en tiempos de adversidad<br \/>\n2.-Llam\u00f3 a mi coraz\u00f3n<br \/>\n3.-Era un ni\u00f1o que so\u00f1aba<\/p>\n<p>Fecha de composici\u00f3n: Primavera de 2020<br \/>\nInstrumentaci\u00f3n: Soprano\/tenor y piano<br \/>\nDuraci\u00f3n: 10 minutos<br \/>\nEstreno: Sonia de Munck y el compositor. Auditorio de Tres cantos, 21 de noviembre de 2021La primera incursi\u00f3n de Miguel Huertas-Camacho en la canci\u00f3n de concierto. Los textos seleccionados en esta colecci\u00f3n son Cantar en tiempos de adversidad (t\u00edtulo del compositor sobre uno de los Tres cantares enviados a Unamuno en 1913), Llam\u00f3 a mi coraz\u00f3n, una alegor\u00eda sobre la p\u00e9rdida de la pasi\u00f3n y la vitalidad del alma y finalmente Era un ni\u00f1o que so\u00f1aba, de su libro Campos de Castilla.<\/p>","protected":false},"featured_media":2354,"template":"","meta":[],"product_brand":[],"product_cat":[146,73],"product_tag":[],"class_list":{"0":"post-2357","1":"product","2":"type-product","3":"status-publish","4":"has-post-thumbnail","6":"product_cat-musica-vocal-2","7":"product_cat-voz-y-piano","9":"first","10":"instock","11":"taxable","12":"shipping-taxable","13":"purchasable","14":"product-type-variable"},"yoast_head":"<!-- This site is optimized with the Yoast SEO plugin v27.4 - https:\/\/yoast.com\/product\/yoast-seo-wordpress\/ -->\n<title>TRES POEMAS DE ANTONIO MACHADO - Obra completa - Miguel Huertas Pianista<\/title>\n<meta name=\"robots\" content=\"noindex, follow, max-snippet:-1, max-image-preview:large, max-video-preview:-1\" \/>\n<meta property=\"og:locale\" content=\"en_US\" \/>\n<meta property=\"og:type\" content=\"article\" \/>\n<meta property=\"og:title\" content=\"TRES POEMAS DE ANTONIO MACHADO - Obra completa - Miguel Huertas Pianista\" \/>\n<meta property=\"og:description\" content=\"Contiene: 1,-Cantar en tiempos de adversidad 2.-Llam\u00f3 a mi coraz\u00f3n 3.-Era un ni\u00f1o que so\u00f1aba  Fecha de composici\u00f3n: Primavera de 2020 Instrumentaci\u00f3n: Soprano\/tenor y piano Duraci\u00f3n: 10 minutos Estreno: Sonia de Munck y el compositor. Auditorio de Tres cantos, 21 de noviembre de 2021La primera incursi\u00f3n de Miguel Huertas-Camacho en la canci\u00f3n de concierto. Los textos seleccionados en esta colecci\u00f3n son Cantar en tiempos de adversidad (t\u00edtulo del compositor sobre uno de los Tres cantares enviados a Unamuno en 1913), Llam\u00f3 a mi coraz\u00f3n, una alegor\u00eda sobre la p\u00e9rdida de la pasi\u00f3n y la vitalidad del alma y finalmente Era un ni\u00f1o que so\u00f1aba, de su libro Campos de Castilla.\" \/>\n<meta property=\"og:url\" content=\"https:\/\/miguelhuertaspianista.adrirodrigoj4.es\/en\/producto\/tres-poemas-de-antonio-machado-obra-completa-digital\/\" \/>\n<meta property=\"og:site_name\" content=\"Miguel Huertas Pianista\" \/>\n<meta property=\"article:modified_time\" content=\"2026-02-09T16:03:38+00:00\" \/>\n<meta property=\"og:image\" content=\"https:\/\/miguelhuertaspianista.adrirodrigoj4.es\/wp-content\/uploads\/2026\/02\/M-27848-2025-1.webp\" \/>\n\t<meta property=\"og:image:width\" content=\"1600\" \/>\n\t<meta property=\"og:image:height\" content=\"1068\" \/>\n\t<meta property=\"og:image:type\" content=\"image\/jpeg\" \/>\n<meta name=\"twitter:card\" content=\"summary_large_image\" \/>\n<meta name=\"twitter:label1\" content=\"Est. reading time\" \/>\n\t<meta name=\"twitter:data1\" content=\"1 minute\" \/>\n<script type=\"application\/ld+json\" class=\"yoast-schema-graph\">{\"@context\":\"https:\\\/\\\/schema.org\",\"@graph\":[{\"@type\":\"WebPage\",\"@id\":\"https:\\\/\\\/miguelhuertaspianista.adrirodrigoj4.es\\\/producto\\\/tres-poemas-de-antonio-machado-obra-completa-digital\\\/\",\"url\":\"https:\\\/\\\/miguelhuertaspianista.adrirodrigoj4.es\\\/producto\\\/tres-poemas-de-antonio-machado-obra-completa-digital\\\/\",\"name\":\"TRES POEMAS DE ANTONIO MACHADO - Obra completa - Miguel Huertas Pianista\",\"isPartOf\":{\"@id\":\"https:\\\/\\\/miguelhuertaspianista.adrirodrigoj4.es\\\/#website\"},\"primaryImageOfPage\":{\"@id\":\"https:\\\/\\\/miguelhuertaspianista.adrirodrigoj4.es\\\/producto\\\/tres-poemas-de-antonio-machado-obra-completa-digital\\\/#primaryimage\"},\"image\":{\"@id\":\"https:\\\/\\\/miguelhuertaspianista.adrirodrigoj4.es\\\/producto\\\/tres-poemas-de-antonio-machado-obra-completa-digital\\\/#primaryimage\"},\"thumbnailUrl\":\"https:\\\/\\\/miguelhuertaspianista.adrirodrigoj4.es\\\/wp-content\\\/uploads\\\/2026\\\/02\\\/M-27848-2025-1.webp\",\"datePublished\":\"2026-02-04T18:09:25+00:00\",\"dateModified\":\"2026-02-09T16:03:38+00:00\",\"breadcrumb\":{\"@id\":\"https:\\\/\\\/miguelhuertaspianista.adrirodrigoj4.es\\\/producto\\\/tres-poemas-de-antonio-machado-obra-completa-digital\\\/#breadcrumb\"},\"inLanguage\":\"en-US\",\"potentialAction\":[{\"@type\":\"ReadAction\",\"target\":[\"https:\\\/\\\/miguelhuertaspianista.adrirodrigoj4.es\\\/producto\\\/tres-poemas-de-antonio-machado-obra-completa-digital\\\/\"]}]},{\"@type\":\"ImageObject\",\"inLanguage\":\"en-US\",\"@id\":\"https:\\\/\\\/miguelhuertaspianista.adrirodrigoj4.es\\\/producto\\\/tres-poemas-de-antonio-machado-obra-completa-digital\\\/#primaryimage\",\"url\":\"https:\\\/\\\/miguelhuertaspianista.adrirodrigoj4.es\\\/wp-content\\\/uploads\\\/2026\\\/02\\\/M-27848-2025-1.webp\",\"contentUrl\":\"https:\\\/\\\/miguelhuertaspianista.adrirodrigoj4.es\\\/wp-content\\\/uploads\\\/2026\\\/02\\\/M-27848-2025-1.webp\",\"width\":1600,\"height\":1068},{\"@type\":\"BreadcrumbList\",\"@id\":\"https:\\\/\\\/miguelhuertaspianista.adrirodrigoj4.es\\\/producto\\\/tres-poemas-de-antonio-machado-obra-completa-digital\\\/#breadcrumb\",\"itemListElement\":[{\"@type\":\"ListItem\",\"position\":1,\"name\":\"Portada\",\"item\":\"https:\\\/\\\/miguelhuertaspianista.adrirodrigoj4.es\\\/\"},{\"@type\":\"ListItem\",\"position\":2,\"name\":\"Tienda\",\"item\":\"https:\\\/\\\/miguelhuertaspianista.adrirodrigoj4.es\\\/tienda\\\/\"},{\"@type\":\"ListItem\",\"position\":3,\"name\":\"TRES POEMAS DE ANTONIO MACHADO &#8211; Obra completa\"}]},{\"@type\":\"WebSite\",\"@id\":\"https:\\\/\\\/miguelhuertaspianista.adrirodrigoj4.es\\\/#website\",\"url\":\"https:\\\/\\\/miguelhuertaspianista.adrirodrigoj4.es\\\/\",\"name\":\"Miguel Huertas Pianista\",\"description\":\"\",\"publisher\":{\"@id\":\"https:\\\/\\\/miguelhuertaspianista.adrirodrigoj4.es\\\/#organization\"},\"potentialAction\":[{\"@type\":\"SearchAction\",\"target\":{\"@type\":\"EntryPoint\",\"urlTemplate\":\"https:\\\/\\\/miguelhuertaspianista.adrirodrigoj4.es\\\/?s={search_term_string}\"},\"query-input\":{\"@type\":\"PropertyValueSpecification\",\"valueRequired\":true,\"valueName\":\"search_term_string\"}}],\"inLanguage\":\"en-US\"},{\"@type\":\"Organization\",\"@id\":\"https:\\\/\\\/miguelhuertaspianista.adrirodrigoj4.es\\\/#organization\",\"name\":\"Miguel Huertas Pianista\",\"url\":\"https:\\\/\\\/miguelhuertaspianista.adrirodrigoj4.es\\\/\",\"logo\":{\"@type\":\"ImageObject\",\"inLanguage\":\"en-US\",\"@id\":\"https:\\\/\\\/miguelhuertaspianista.adrirodrigoj4.es\\\/#\\\/schema\\\/logo\\\/image\\\/\",\"url\":\"https:\\\/\\\/miguelhuertaspianista.adrirodrigoj4.es\\\/wp-content\\\/uploads\\\/2025\\\/12\\\/mhc.webp\",\"contentUrl\":\"https:\\\/\\\/miguelhuertaspianista.adrirodrigoj4.es\\\/wp-content\\\/uploads\\\/2025\\\/12\\\/mhc.webp\",\"width\":500,\"height\":500,\"caption\":\"Miguel Huertas Pianista\"},\"image\":{\"@id\":\"https:\\\/\\\/miguelhuertaspianista.adrirodrigoj4.es\\\/#\\\/schema\\\/logo\\\/image\\\/\"}}]}<\/script>\n<!-- \/ Yoast SEO plugin. -->","yoast_head_json":{"title":"TRES POEMAS DE ANTONIO MACHADO - Obra completa - Miguel Huertas Pianista","robots":{"index":"noindex","follow":"follow","max-snippet":"max-snippet:-1","max-image-preview":"max-image-preview:large","max-video-preview":"max-video-preview:-1"},"og_locale":"en_US","og_type":"article","og_title":"TRES POEMAS DE ANTONIO MACHADO - Obra completa - Miguel Huertas Pianista","og_description":"Contiene: 1,-Cantar en tiempos de adversidad 2.-Llam\u00f3 a mi coraz\u00f3n 3.-Era un ni\u00f1o que so\u00f1aba  Fecha de composici\u00f3n: Primavera de 2020 Instrumentaci\u00f3n: Soprano\/tenor y piano Duraci\u00f3n: 10 minutos Estreno: Sonia de Munck y el compositor. Auditorio de Tres cantos, 21 de noviembre de 2021La primera incursi\u00f3n de Miguel Huertas-Camacho en la canci\u00f3n de concierto. Los textos seleccionados en esta colecci\u00f3n son Cantar en tiempos de adversidad (t\u00edtulo del compositor sobre uno de los Tres cantares enviados a Unamuno en 1913), Llam\u00f3 a mi coraz\u00f3n, una alegor\u00eda sobre la p\u00e9rdida de la pasi\u00f3n y la vitalidad del alma y finalmente Era un ni\u00f1o que so\u00f1aba, de su libro Campos de Castilla.","og_url":"https:\/\/miguelhuertaspianista.adrirodrigoj4.es\/en\/producto\/tres-poemas-de-antonio-machado-obra-completa-digital\/","og_site_name":"Miguel Huertas Pianista","article_modified_time":"2026-02-09T16:03:38+00:00","og_image":[{"width":1600,"height":1068,"url":"https:\/\/miguelhuertaspianista.adrirodrigoj4.es\/wp-content\/uploads\/2026\/02\/M-27848-2025-1.webp","type":"image\/jpeg"}],"twitter_card":"summary_large_image","twitter_misc":{"Est. reading time":"1 minute"},"schema":{"@context":"https:\/\/schema.org","@graph":[{"@type":"WebPage","@id":"https:\/\/miguelhuertaspianista.adrirodrigoj4.es\/producto\/tres-poemas-de-antonio-machado-obra-completa-digital\/","url":"https:\/\/miguelhuertaspianista.adrirodrigoj4.es\/producto\/tres-poemas-de-antonio-machado-obra-completa-digital\/","name":"TRES POEMAS DE ANTONIO MACHADO - Obra completa - Miguel Huertas Pianista","isPartOf":{"@id":"https:\/\/miguelhuertaspianista.adrirodrigoj4.es\/#website"},"primaryImageOfPage":{"@id":"https:\/\/miguelhuertaspianista.adrirodrigoj4.es\/producto\/tres-poemas-de-antonio-machado-obra-completa-digital\/#primaryimage"},"image":{"@id":"https:\/\/miguelhuertaspianista.adrirodrigoj4.es\/producto\/tres-poemas-de-antonio-machado-obra-completa-digital\/#primaryimage"},"thumbnailUrl":"https:\/\/miguelhuertaspianista.adrirodrigoj4.es\/wp-content\/uploads\/2026\/02\/M-27848-2025-1.webp","datePublished":"2026-02-04T18:09:25+00:00","dateModified":"2026-02-09T16:03:38+00:00","breadcrumb":{"@id":"https:\/\/miguelhuertaspianista.adrirodrigoj4.es\/producto\/tres-poemas-de-antonio-machado-obra-completa-digital\/#breadcrumb"},"inLanguage":"en-US","potentialAction":[{"@type":"ReadAction","target":["https:\/\/miguelhuertaspianista.adrirodrigoj4.es\/producto\/tres-poemas-de-antonio-machado-obra-completa-digital\/"]}]},{"@type":"ImageObject","inLanguage":"en-US","@id":"https:\/\/miguelhuertaspianista.adrirodrigoj4.es\/producto\/tres-poemas-de-antonio-machado-obra-completa-digital\/#primaryimage","url":"https:\/\/miguelhuertaspianista.adrirodrigoj4.es\/wp-content\/uploads\/2026\/02\/M-27848-2025-1.webp","contentUrl":"https:\/\/miguelhuertaspianista.adrirodrigoj4.es\/wp-content\/uploads\/2026\/02\/M-27848-2025-1.webp","width":1600,"height":1068},{"@type":"BreadcrumbList","@id":"https:\/\/miguelhuertaspianista.adrirodrigoj4.es\/producto\/tres-poemas-de-antonio-machado-obra-completa-digital\/#breadcrumb","itemListElement":[{"@type":"ListItem","position":1,"name":"Portada","item":"https:\/\/miguelhuertaspianista.adrirodrigoj4.es\/"},{"@type":"ListItem","position":2,"name":"Tienda","item":"https:\/\/miguelhuertaspianista.adrirodrigoj4.es\/tienda\/"},{"@type":"ListItem","position":3,"name":"TRES POEMAS DE ANTONIO MACHADO &#8211; Obra completa"}]},{"@type":"WebSite","@id":"https:\/\/miguelhuertaspianista.adrirodrigoj4.es\/#website","url":"https:\/\/miguelhuertaspianista.adrirodrigoj4.es\/","name":"Miguel Huertas Pianista","description":"","publisher":{"@id":"https:\/\/miguelhuertaspianista.adrirodrigoj4.es\/#organization"},"potentialAction":[{"@type":"SearchAction","target":{"@type":"EntryPoint","urlTemplate":"https:\/\/miguelhuertaspianista.adrirodrigoj4.es\/?s={search_term_string}"},"query-input":{"@type":"PropertyValueSpecification","valueRequired":true,"valueName":"search_term_string"}}],"inLanguage":"en-US"},{"@type":"Organization","@id":"https:\/\/miguelhuertaspianista.adrirodrigoj4.es\/#organization","name":"Miguel Huertas Pianista","url":"https:\/\/miguelhuertaspianista.adrirodrigoj4.es\/","logo":{"@type":"ImageObject","inLanguage":"en-US","@id":"https:\/\/miguelhuertaspianista.adrirodrigoj4.es\/#\/schema\/logo\/image\/","url":"https:\/\/miguelhuertaspianista.adrirodrigoj4.es\/wp-content\/uploads\/2025\/12\/mhc.webp","contentUrl":"https:\/\/miguelhuertaspianista.adrirodrigoj4.es\/wp-content\/uploads\/2025\/12\/mhc.webp","width":500,"height":500,"caption":"Miguel Huertas Pianista"},"image":{"@id":"https:\/\/miguelhuertaspianista.adrirodrigoj4.es\/#\/schema\/logo\/image\/"}}]}},"_links":{"self":[{"href":"https:\/\/miguelhuertaspianista.adrirodrigoj4.es\/en\/wp-json\/wp\/v2\/product\/2357","targetHints":{"allow":["GET"]}}],"collection":[{"href":"https:\/\/miguelhuertaspianista.adrirodrigoj4.es\/en\/wp-json\/wp\/v2\/product"}],"about":[{"href":"https:\/\/miguelhuertaspianista.adrirodrigoj4.es\/en\/wp-json\/wp\/v2\/types\/product"}],"version-history":[{"count":3,"href":"https:\/\/miguelhuertaspianista.adrirodrigoj4.es\/en\/wp-json\/wp\/v2\/product\/2357\/revisions"}],"predecessor-version":[{"id":2644,"href":"https:\/\/miguelhuertaspianista.adrirodrigoj4.es\/en\/wp-json\/wp\/v2\/product\/2357\/revisions\/2644"}],"wp:featuredmedia":[{"embeddable":true,"href":"https:\/\/miguelhuertaspianista.adrirodrigoj4.es\/en\/wp-json\/wp\/v2\/media\/2354"}],"wp:attachment":[{"href":"https:\/\/miguelhuertaspianista.adrirodrigoj4.es\/en\/wp-json\/wp\/v2\/media?parent=2357"}],"wp:term":[{"taxonomy":"product_brand","embeddable":true,"href":"https:\/\/miguelhuertaspianista.adrirodrigoj4.es\/en\/wp-json\/wp\/v2\/product_brand?post=2357"},{"taxonomy":"product_cat","embeddable":true,"href":"https:\/\/miguelhuertaspianista.adrirodrigoj4.es\/en\/wp-json\/wp\/v2\/product_cat?post=2357"},{"taxonomy":"product_tag","embeddable":true,"href":"https:\/\/miguelhuertaspianista.adrirodrigoj4.es\/en\/wp-json\/wp\/v2\/product_tag?post=2357"}],"curies":[{"name":"wp","href":"https:\/\/api.w.org\/{rel}","templated":true}]}}