{"id":2385,"date":"2026-02-04T19:09:37","date_gmt":"2026-02-04T18:09:37","guid":{"rendered":"https:\/\/miguelhuertaspianista.adrirodrigoj4.es\/producto\/las-voces-atraviesan-en-arrullo-impresa\/"},"modified":"2026-02-10T11:18:36","modified_gmt":"2026-02-10T10:18:36","slug":"las-voces-atraviesan-en-arrullo-impresa","status":"publish","type":"product","link":"https:\/\/miguelhuertaspianista.adrirodrigoj4.es\/en\/product\/las-voces-atraviesan-en-arrullo-impresa\/","title":{"rendered":"LAS VOCES ATRAVIESAN EN ARRULLO"},"content":{"rendered":"<p>Texto escrito por el dramaturgo Ra\u00fal Los\u00e1nez para concluir el montaje teatral Me trataste con olvido (Cl\u00e1sicas en rebeld\u00eda). Este soneto reivindica el papel de las mujeres literatas del Siglo de Oro y el injusto olvido de sus voces en el tiempo.<\/p>","protected":false},"excerpt":{"rendered":"<p>Fecha de composici\u00f3n: marzo de 2023<br \/>\nInstrumentaci\u00f3n: Tenor\/soprano y piano.<br \/>\nDuraci\u00f3n: 3 minutos 40 segundos.<br \/>\nEncargo: Canci\u00f3n inclu\u00edda en el montaje Me trataste con olvido (Cl\u00e1sicas en rebeld\u00eda)<br \/>\nEstreno: Natalia Mill\u00e1n y Ana Garc\u00eda Urcola (piano). Corral de Comedias de Alcal\u00e1, 18 de junio de 2023<\/p>\n<p>&nbsp;<\/p>\n<p><audio class=\"wp-audio-shortcode\" id=\"audio-2385-1\" preload=\"none\" style=\"width: 100%;\" controls=\"controls\"><source type=\"audio\/mpeg\" src=\"https:\/\/miguelhuertaspianista.adrirodrigoj4.es\/wp-content\/uploads\/2026\/02\/Las-voces-atraviesan-en-arrullo.mp3?_=1\" \/><a href=\"https:\/\/miguelhuertaspianista.adrirodrigoj4.es\/wp-content\/uploads\/2026\/02\/Las-voces-atraviesan-en-arrullo.mp3\">https:\/\/miguelhuertaspianista.adrirodrigoj4.es\/wp-content\/uploads\/2026\/02\/Las-voces-atraviesan-en-arrullo.mp3<\/a><\/audio><\/p>","protected":false},"featured_media":2383,"template":"","meta":[],"product_brand":[],"product_cat":[146,73],"product_tag":[],"class_list":{"0":"post-2385","1":"product","2":"type-product","3":"status-publish","4":"has-post-thumbnail","6":"product_cat-musica-vocal-2","7":"product_cat-voz-y-piano","9":"first","10":"instock","11":"taxable","12":"shipping-taxable","13":"purchasable","14":"product-type-variable"},"yoast_head":"<!-- This site is optimized with the Yoast SEO plugin v27.4 - https:\/\/yoast.com\/product\/yoast-seo-wordpress\/ -->\n<title>LAS VOCES ATRAVIESAN EN ARRULLO - Miguel Huertas Pianista<\/title>\n<meta name=\"robots\" content=\"noindex, follow, max-snippet:-1, max-image-preview:large, max-video-preview:-1\" \/>\n<meta property=\"og:locale\" content=\"en_US\" \/>\n<meta property=\"og:type\" content=\"article\" \/>\n<meta property=\"og:title\" content=\"LAS VOCES ATRAVIESAN EN ARRULLO - Miguel Huertas Pianista\" \/>\n<meta property=\"og:description\" content=\"Fecha de composici\u00f3n: marzo de 2023 Instrumentaci\u00f3n: Tenor\/soprano y piano. Duraci\u00f3n: 3 minutos 40 segundos. Encargo: Canci\u00f3n inclu\u00edda en el montaje Me trataste con olvido (Cl\u00e1sicas en rebeld\u00eda) Estreno: Natalia Mill\u00e1n y Ana Garc\u00eda Urcola (piano). Corral de Comedias de Alcal\u00e1, 18 de junio de 2023  &nbsp;  https:\/\/miguelhuertaspianista.adrirodrigoj4.es\/wp-content\/uploads\/2026\/02\/Las-voces-atraviesan-en-arrullo.mp3\" \/>\n<meta property=\"og:url\" content=\"https:\/\/miguelhuertaspianista.adrirodrigoj4.es\/en\/producto\/las-voces-atraviesan-en-arrullo-impresa\/\" \/>\n<meta property=\"og:site_name\" content=\"Miguel Huertas Pianista\" \/>\n<meta property=\"article:modified_time\" content=\"2026-02-10T10:18:36+00:00\" \/>\n<meta property=\"og:image\" content=\"https:\/\/miguelhuertaspianista.adrirodrigoj4.es\/wp-content\/uploads\/2026\/02\/M-1074-2026-1.webp\" \/>\n\t<meta property=\"og:image:width\" content=\"1600\" \/>\n\t<meta property=\"og:image:height\" content=\"1069\" \/>\n\t<meta property=\"og:image:type\" content=\"image\/jpeg\" \/>\n<meta name=\"twitter:card\" content=\"summary_large_image\" \/>\n<meta name=\"twitter:label1\" content=\"Est. reading time\" \/>\n\t<meta name=\"twitter:data1\" content=\"1 minute\" \/>\n<script type=\"application\/ld+json\" class=\"yoast-schema-graph\">{\"@context\":\"https:\\\/\\\/schema.org\",\"@graph\":[{\"@type\":\"WebPage\",\"@id\":\"https:\\\/\\\/miguelhuertaspianista.adrirodrigoj4.es\\\/producto\\\/las-voces-atraviesan-en-arrullo-impresa\\\/\",\"url\":\"https:\\\/\\\/miguelhuertaspianista.adrirodrigoj4.es\\\/producto\\\/las-voces-atraviesan-en-arrullo-impresa\\\/\",\"name\":\"LAS VOCES ATRAVIESAN EN ARRULLO - Miguel Huertas Pianista\",\"isPartOf\":{\"@id\":\"https:\\\/\\\/miguelhuertaspianista.adrirodrigoj4.es\\\/#website\"},\"primaryImageOfPage\":{\"@id\":\"https:\\\/\\\/miguelhuertaspianista.adrirodrigoj4.es\\\/producto\\\/las-voces-atraviesan-en-arrullo-impresa\\\/#primaryimage\"},\"image\":{\"@id\":\"https:\\\/\\\/miguelhuertaspianista.adrirodrigoj4.es\\\/producto\\\/las-voces-atraviesan-en-arrullo-impresa\\\/#primaryimage\"},\"thumbnailUrl\":\"https:\\\/\\\/miguelhuertaspianista.adrirodrigoj4.es\\\/wp-content\\\/uploads\\\/2026\\\/02\\\/M-1074-2026-1.webp\",\"datePublished\":\"2026-02-04T18:09:37+00:00\",\"dateModified\":\"2026-02-10T10:18:36+00:00\",\"breadcrumb\":{\"@id\":\"https:\\\/\\\/miguelhuertaspianista.adrirodrigoj4.es\\\/producto\\\/las-voces-atraviesan-en-arrullo-impresa\\\/#breadcrumb\"},\"inLanguage\":\"en-US\",\"potentialAction\":[{\"@type\":\"ReadAction\",\"target\":[\"https:\\\/\\\/miguelhuertaspianista.adrirodrigoj4.es\\\/producto\\\/las-voces-atraviesan-en-arrullo-impresa\\\/\"]}]},{\"@type\":\"ImageObject\",\"inLanguage\":\"en-US\",\"@id\":\"https:\\\/\\\/miguelhuertaspianista.adrirodrigoj4.es\\\/producto\\\/las-voces-atraviesan-en-arrullo-impresa\\\/#primaryimage\",\"url\":\"https:\\\/\\\/miguelhuertaspianista.adrirodrigoj4.es\\\/wp-content\\\/uploads\\\/2026\\\/02\\\/M-1074-2026-1.webp\",\"contentUrl\":\"https:\\\/\\\/miguelhuertaspianista.adrirodrigoj4.es\\\/wp-content\\\/uploads\\\/2026\\\/02\\\/M-1074-2026-1.webp\",\"width\":1600,\"height\":1069},{\"@type\":\"BreadcrumbList\",\"@id\":\"https:\\\/\\\/miguelhuertaspianista.adrirodrigoj4.es\\\/producto\\\/las-voces-atraviesan-en-arrullo-impresa\\\/#breadcrumb\",\"itemListElement\":[{\"@type\":\"ListItem\",\"position\":1,\"name\":\"Portada\",\"item\":\"https:\\\/\\\/miguelhuertaspianista.adrirodrigoj4.es\\\/\"},{\"@type\":\"ListItem\",\"position\":2,\"name\":\"Tienda\",\"item\":\"https:\\\/\\\/miguelhuertaspianista.adrirodrigoj4.es\\\/tienda\\\/\"},{\"@type\":\"ListItem\",\"position\":3,\"name\":\"LAS VOCES ATRAVIESAN EN ARRULLO\"}]},{\"@type\":\"WebSite\",\"@id\":\"https:\\\/\\\/miguelhuertaspianista.adrirodrigoj4.es\\\/#website\",\"url\":\"https:\\\/\\\/miguelhuertaspianista.adrirodrigoj4.es\\\/\",\"name\":\"Miguel Huertas Pianista\",\"description\":\"\",\"publisher\":{\"@id\":\"https:\\\/\\\/miguelhuertaspianista.adrirodrigoj4.es\\\/#organization\"},\"potentialAction\":[{\"@type\":\"SearchAction\",\"target\":{\"@type\":\"EntryPoint\",\"urlTemplate\":\"https:\\\/\\\/miguelhuertaspianista.adrirodrigoj4.es\\\/?s={search_term_string}\"},\"query-input\":{\"@type\":\"PropertyValueSpecification\",\"valueRequired\":true,\"valueName\":\"search_term_string\"}}],\"inLanguage\":\"en-US\"},{\"@type\":\"Organization\",\"@id\":\"https:\\\/\\\/miguelhuertaspianista.adrirodrigoj4.es\\\/#organization\",\"name\":\"Miguel Huertas Pianista\",\"url\":\"https:\\\/\\\/miguelhuertaspianista.adrirodrigoj4.es\\\/\",\"logo\":{\"@type\":\"ImageObject\",\"inLanguage\":\"en-US\",\"@id\":\"https:\\\/\\\/miguelhuertaspianista.adrirodrigoj4.es\\\/#\\\/schema\\\/logo\\\/image\\\/\",\"url\":\"https:\\\/\\\/miguelhuertaspianista.adrirodrigoj4.es\\\/wp-content\\\/uploads\\\/2025\\\/12\\\/mhc.webp\",\"contentUrl\":\"https:\\\/\\\/miguelhuertaspianista.adrirodrigoj4.es\\\/wp-content\\\/uploads\\\/2025\\\/12\\\/mhc.webp\",\"width\":500,\"height\":500,\"caption\":\"Miguel Huertas Pianista\"},\"image\":{\"@id\":\"https:\\\/\\\/miguelhuertaspianista.adrirodrigoj4.es\\\/#\\\/schema\\\/logo\\\/image\\\/\"}}]}<\/script>\n<!-- \/ Yoast SEO plugin. -->","yoast_head_json":{"title":"LAS VOCES ATRAVIESAN EN ARRULLO - Miguel Huertas Pianista","robots":{"index":"noindex","follow":"follow","max-snippet":"max-snippet:-1","max-image-preview":"max-image-preview:large","max-video-preview":"max-video-preview:-1"},"og_locale":"en_US","og_type":"article","og_title":"LAS VOCES ATRAVIESAN EN ARRULLO - Miguel Huertas Pianista","og_description":"Fecha de composici\u00f3n: marzo de 2023 Instrumentaci\u00f3n: Tenor\/soprano y piano. Duraci\u00f3n: 3 minutos 40 segundos. Encargo: Canci\u00f3n inclu\u00edda en el montaje Me trataste con olvido (Cl\u00e1sicas en rebeld\u00eda) Estreno: Natalia Mill\u00e1n y Ana Garc\u00eda Urcola (piano). Corral de Comedias de Alcal\u00e1, 18 de junio de 2023  &nbsp;  https:\/\/miguelhuertaspianista.adrirodrigoj4.es\/wp-content\/uploads\/2026\/02\/Las-voces-atraviesan-en-arrullo.mp3","og_url":"https:\/\/miguelhuertaspianista.adrirodrigoj4.es\/en\/producto\/las-voces-atraviesan-en-arrullo-impresa\/","og_site_name":"Miguel Huertas Pianista","article_modified_time":"2026-02-10T10:18:36+00:00","og_image":[{"width":1600,"height":1069,"url":"https:\/\/miguelhuertaspianista.adrirodrigoj4.es\/wp-content\/uploads\/2026\/02\/M-1074-2026-1.webp","type":"image\/jpeg"}],"twitter_card":"summary_large_image","twitter_misc":{"Est. reading time":"1 minute"},"schema":{"@context":"https:\/\/schema.org","@graph":[{"@type":"WebPage","@id":"https:\/\/miguelhuertaspianista.adrirodrigoj4.es\/producto\/las-voces-atraviesan-en-arrullo-impresa\/","url":"https:\/\/miguelhuertaspianista.adrirodrigoj4.es\/producto\/las-voces-atraviesan-en-arrullo-impresa\/","name":"LAS VOCES ATRAVIESAN EN ARRULLO - Miguel Huertas Pianista","isPartOf":{"@id":"https:\/\/miguelhuertaspianista.adrirodrigoj4.es\/#website"},"primaryImageOfPage":{"@id":"https:\/\/miguelhuertaspianista.adrirodrigoj4.es\/producto\/las-voces-atraviesan-en-arrullo-impresa\/#primaryimage"},"image":{"@id":"https:\/\/miguelhuertaspianista.adrirodrigoj4.es\/producto\/las-voces-atraviesan-en-arrullo-impresa\/#primaryimage"},"thumbnailUrl":"https:\/\/miguelhuertaspianista.adrirodrigoj4.es\/wp-content\/uploads\/2026\/02\/M-1074-2026-1.webp","datePublished":"2026-02-04T18:09:37+00:00","dateModified":"2026-02-10T10:18:36+00:00","breadcrumb":{"@id":"https:\/\/miguelhuertaspianista.adrirodrigoj4.es\/producto\/las-voces-atraviesan-en-arrullo-impresa\/#breadcrumb"},"inLanguage":"en-US","potentialAction":[{"@type":"ReadAction","target":["https:\/\/miguelhuertaspianista.adrirodrigoj4.es\/producto\/las-voces-atraviesan-en-arrullo-impresa\/"]}]},{"@type":"ImageObject","inLanguage":"en-US","@id":"https:\/\/miguelhuertaspianista.adrirodrigoj4.es\/producto\/las-voces-atraviesan-en-arrullo-impresa\/#primaryimage","url":"https:\/\/miguelhuertaspianista.adrirodrigoj4.es\/wp-content\/uploads\/2026\/02\/M-1074-2026-1.webp","contentUrl":"https:\/\/miguelhuertaspianista.adrirodrigoj4.es\/wp-content\/uploads\/2026\/02\/M-1074-2026-1.webp","width":1600,"height":1069},{"@type":"BreadcrumbList","@id":"https:\/\/miguelhuertaspianista.adrirodrigoj4.es\/producto\/las-voces-atraviesan-en-arrullo-impresa\/#breadcrumb","itemListElement":[{"@type":"ListItem","position":1,"name":"Portada","item":"https:\/\/miguelhuertaspianista.adrirodrigoj4.es\/"},{"@type":"ListItem","position":2,"name":"Tienda","item":"https:\/\/miguelhuertaspianista.adrirodrigoj4.es\/tienda\/"},{"@type":"ListItem","position":3,"name":"LAS VOCES ATRAVIESAN EN ARRULLO"}]},{"@type":"WebSite","@id":"https:\/\/miguelhuertaspianista.adrirodrigoj4.es\/#website","url":"https:\/\/miguelhuertaspianista.adrirodrigoj4.es\/","name":"Miguel Huertas Pianista","description":"","publisher":{"@id":"https:\/\/miguelhuertaspianista.adrirodrigoj4.es\/#organization"},"potentialAction":[{"@type":"SearchAction","target":{"@type":"EntryPoint","urlTemplate":"https:\/\/miguelhuertaspianista.adrirodrigoj4.es\/?s={search_term_string}"},"query-input":{"@type":"PropertyValueSpecification","valueRequired":true,"valueName":"search_term_string"}}],"inLanguage":"en-US"},{"@type":"Organization","@id":"https:\/\/miguelhuertaspianista.adrirodrigoj4.es\/#organization","name":"Miguel Huertas Pianista","url":"https:\/\/miguelhuertaspianista.adrirodrigoj4.es\/","logo":{"@type":"ImageObject","inLanguage":"en-US","@id":"https:\/\/miguelhuertaspianista.adrirodrigoj4.es\/#\/schema\/logo\/image\/","url":"https:\/\/miguelhuertaspianista.adrirodrigoj4.es\/wp-content\/uploads\/2025\/12\/mhc.webp","contentUrl":"https:\/\/miguelhuertaspianista.adrirodrigoj4.es\/wp-content\/uploads\/2025\/12\/mhc.webp","width":500,"height":500,"caption":"Miguel Huertas Pianista"},"image":{"@id":"https:\/\/miguelhuertaspianista.adrirodrigoj4.es\/#\/schema\/logo\/image\/"}}]}},"_links":{"self":[{"href":"https:\/\/miguelhuertaspianista.adrirodrigoj4.es\/en\/wp-json\/wp\/v2\/product\/2385","targetHints":{"allow":["GET"]}}],"collection":[{"href":"https:\/\/miguelhuertaspianista.adrirodrigoj4.es\/en\/wp-json\/wp\/v2\/product"}],"about":[{"href":"https:\/\/miguelhuertaspianista.adrirodrigoj4.es\/en\/wp-json\/wp\/v2\/types\/product"}],"version-history":[{"count":4,"href":"https:\/\/miguelhuertaspianista.adrirodrigoj4.es\/en\/wp-json\/wp\/v2\/product\/2385\/revisions"}],"predecessor-version":[{"id":2831,"href":"https:\/\/miguelhuertaspianista.adrirodrigoj4.es\/en\/wp-json\/wp\/v2\/product\/2385\/revisions\/2831"}],"wp:featuredmedia":[{"embeddable":true,"href":"https:\/\/miguelhuertaspianista.adrirodrigoj4.es\/en\/wp-json\/wp\/v2\/media\/2383"}],"wp:attachment":[{"href":"https:\/\/miguelhuertaspianista.adrirodrigoj4.es\/en\/wp-json\/wp\/v2\/media?parent=2385"}],"wp:term":[{"taxonomy":"product_brand","embeddable":true,"href":"https:\/\/miguelhuertaspianista.adrirodrigoj4.es\/en\/wp-json\/wp\/v2\/product_brand?post=2385"},{"taxonomy":"product_cat","embeddable":true,"href":"https:\/\/miguelhuertaspianista.adrirodrigoj4.es\/en\/wp-json\/wp\/v2\/product_cat?post=2385"},{"taxonomy":"product_tag","embeddable":true,"href":"https:\/\/miguelhuertaspianista.adrirodrigoj4.es\/en\/wp-json\/wp\/v2\/product_tag?post=2385"}],"curies":[{"name":"wp","href":"https:\/\/api.w.org\/{rel}","templated":true}]}}