{"id":2389,"date":"2026-02-04T19:09:39","date_gmt":"2026-02-04T18:09:39","guid":{"rendered":"https:\/\/miguelhuertaspianista.adrirodrigoj4.es\/producto\/obertura-poemas-amatorios-y-calambur-obra-completa-impresa\/"},"modified":"2026-02-09T10:45:12","modified_gmt":"2026-02-09T09:45:12","slug":"obertura-poemas-amatorios-y-calambur-obra-completa-impresa","status":"publish","type":"product","link":"https:\/\/miguelhuertaspianista.adrirodrigoj4.es\/en\/product\/obertura-poemas-amatorios-y-calambur-obra-completa-impresa\/","title":{"rendered":"OBERTURA, POEMAS AMATORIOS Y CALAMBUR &#8211; Obra completa"},"content":{"rendered":"<p>Concebida como homenaje al poeta \u00c1ngel Gonz\u00e1lez, esta obra es una colecci\u00f3n de piezas de diversas est\u00e9ticas inspiradas en la propia diversidad de c\u00f3digos del poeta. La obra tiene una unidad vertebrada por el tema del Calambur que el propio Gonz\u00e1lez sugiere, y que aparecer\u00e1 en cada pieza de manera evidente o velada. La obra fue compuesta a lo largo de 6 a\u00f1os y est\u00e1 pensada para el Tr\u00edo Spleen, formado por la mezzosoprano Marina Pardo, el viola Rub\u00e9n Men\u00e9ndez y el propio autor al piano.<\/p>","protected":false},"excerpt":{"rendered":"<p>Contiene:<br \/>\n1.- Colegiala<br \/>\n2.- Del heliotropo<br \/>\n3.- Canci\u00f3n, glosa y cuestiones<br \/>\n4.- \u00bfSabes que un papel\u2026?<br \/>\n5.- Calambur<br \/>\n6.- M\u00e1s fuerte que el amor<\/p>\n<p>Fecha de composici\u00f3n: 2020\/2025<br \/>\nInstrumentaci\u00f3n: Mezzo, viola, y piano. A\u00f1adir caj\u00f3n opcional<br \/>\nDuraci\u00f3n: 20 minutos<\/p>","protected":false},"featured_media":2387,"template":"","meta":[],"product_brand":[],"product_cat":[146,74],"product_tag":[],"class_list":{"0":"post-2389","1":"product","2":"type-product","3":"status-publish","4":"has-post-thumbnail","6":"product_cat-musica-vocal-2","7":"product_cat-voz-y-otros-instrumentos","9":"first","10":"instock","11":"taxable","12":"shipping-taxable","13":"purchasable","14":"product-type-variable"},"yoast_head":"<!-- This site is optimized with the Yoast SEO plugin v27.4 - https:\/\/yoast.com\/product\/yoast-seo-wordpress\/ -->\n<title>OBERTURA, POEMAS AMATORIOS Y CALAMBUR - Obra completa - Miguel Huertas Pianista<\/title>\n<meta name=\"robots\" content=\"noindex, follow, max-snippet:-1, max-image-preview:large, max-video-preview:-1\" \/>\n<meta property=\"og:locale\" content=\"en_US\" \/>\n<meta property=\"og:type\" content=\"article\" \/>\n<meta property=\"og:title\" content=\"OBERTURA, POEMAS AMATORIOS Y CALAMBUR - Obra completa - Miguel Huertas Pianista\" \/>\n<meta property=\"og:description\" content=\"Contiene: 1.- Colegiala 2.- Del heliotropo 3.- Canci\u00f3n, glosa y cuestiones 4.- \u00bfSabes que un papel\u2026? 5.- Calambur 6.- M\u00e1s fuerte que el amor  Fecha de composici\u00f3n: 2020\/2025 Instrumentaci\u00f3n: Mezzo, viola, y piano. A\u00f1adir caj\u00f3n opcional Duraci\u00f3n: 20 minutos\" \/>\n<meta property=\"og:url\" content=\"https:\/\/miguelhuertaspianista.adrirodrigoj4.es\/en\/producto\/obertura-poemas-amatorios-y-calambur-obra-completa-impresa\/\" \/>\n<meta property=\"og:site_name\" content=\"Miguel Huertas Pianista\" \/>\n<meta property=\"article:modified_time\" content=\"2026-02-09T09:45:12+00:00\" \/>\n<meta property=\"og:image\" content=\"https:\/\/miguelhuertaspianista.adrirodrigoj4.es\/wp-content\/uploads\/2026\/02\/M-1075-2026-1.webp\" \/>\n\t<meta property=\"og:image:width\" content=\"1600\" \/>\n\t<meta property=\"og:image:height\" content=\"1068\" \/>\n\t<meta property=\"og:image:type\" content=\"image\/jpeg\" \/>\n<meta name=\"twitter:card\" content=\"summary_large_image\" \/>\n<meta name=\"twitter:label1\" content=\"Est. reading time\" \/>\n\t<meta name=\"twitter:data1\" content=\"1 minute\" \/>\n<script type=\"application\/ld+json\" class=\"yoast-schema-graph\">{\"@context\":\"https:\\\/\\\/schema.org\",\"@graph\":[{\"@type\":\"WebPage\",\"@id\":\"https:\\\/\\\/miguelhuertaspianista.adrirodrigoj4.es\\\/producto\\\/obertura-poemas-amatorios-y-calambur-obra-completa-impresa\\\/\",\"url\":\"https:\\\/\\\/miguelhuertaspianista.adrirodrigoj4.es\\\/producto\\\/obertura-poemas-amatorios-y-calambur-obra-completa-impresa\\\/\",\"name\":\"OBERTURA, POEMAS AMATORIOS Y CALAMBUR - Obra completa - Miguel Huertas Pianista\",\"isPartOf\":{\"@id\":\"https:\\\/\\\/miguelhuertaspianista.adrirodrigoj4.es\\\/#website\"},\"primaryImageOfPage\":{\"@id\":\"https:\\\/\\\/miguelhuertaspianista.adrirodrigoj4.es\\\/producto\\\/obertura-poemas-amatorios-y-calambur-obra-completa-impresa\\\/#primaryimage\"},\"image\":{\"@id\":\"https:\\\/\\\/miguelhuertaspianista.adrirodrigoj4.es\\\/producto\\\/obertura-poemas-amatorios-y-calambur-obra-completa-impresa\\\/#primaryimage\"},\"thumbnailUrl\":\"https:\\\/\\\/miguelhuertaspianista.adrirodrigoj4.es\\\/wp-content\\\/uploads\\\/2026\\\/02\\\/M-1075-2026-1.webp\",\"datePublished\":\"2026-02-04T18:09:39+00:00\",\"dateModified\":\"2026-02-09T09:45:12+00:00\",\"breadcrumb\":{\"@id\":\"https:\\\/\\\/miguelhuertaspianista.adrirodrigoj4.es\\\/producto\\\/obertura-poemas-amatorios-y-calambur-obra-completa-impresa\\\/#breadcrumb\"},\"inLanguage\":\"en-US\",\"potentialAction\":[{\"@type\":\"ReadAction\",\"target\":[\"https:\\\/\\\/miguelhuertaspianista.adrirodrigoj4.es\\\/producto\\\/obertura-poemas-amatorios-y-calambur-obra-completa-impresa\\\/\"]}]},{\"@type\":\"ImageObject\",\"inLanguage\":\"en-US\",\"@id\":\"https:\\\/\\\/miguelhuertaspianista.adrirodrigoj4.es\\\/producto\\\/obertura-poemas-amatorios-y-calambur-obra-completa-impresa\\\/#primaryimage\",\"url\":\"https:\\\/\\\/miguelhuertaspianista.adrirodrigoj4.es\\\/wp-content\\\/uploads\\\/2026\\\/02\\\/M-1075-2026-1.webp\",\"contentUrl\":\"https:\\\/\\\/miguelhuertaspianista.adrirodrigoj4.es\\\/wp-content\\\/uploads\\\/2026\\\/02\\\/M-1075-2026-1.webp\",\"width\":1600,\"height\":1068},{\"@type\":\"BreadcrumbList\",\"@id\":\"https:\\\/\\\/miguelhuertaspianista.adrirodrigoj4.es\\\/producto\\\/obertura-poemas-amatorios-y-calambur-obra-completa-impresa\\\/#breadcrumb\",\"itemListElement\":[{\"@type\":\"ListItem\",\"position\":1,\"name\":\"Portada\",\"item\":\"https:\\\/\\\/miguelhuertaspianista.adrirodrigoj4.es\\\/\"},{\"@type\":\"ListItem\",\"position\":2,\"name\":\"Tienda\",\"item\":\"https:\\\/\\\/miguelhuertaspianista.adrirodrigoj4.es\\\/tienda\\\/\"},{\"@type\":\"ListItem\",\"position\":3,\"name\":\"OBERTURA, POEMAS AMATORIOS Y CALAMBUR &#8211; Obra completa\"}]},{\"@type\":\"WebSite\",\"@id\":\"https:\\\/\\\/miguelhuertaspianista.adrirodrigoj4.es\\\/#website\",\"url\":\"https:\\\/\\\/miguelhuertaspianista.adrirodrigoj4.es\\\/\",\"name\":\"Miguel Huertas Pianista\",\"description\":\"\",\"publisher\":{\"@id\":\"https:\\\/\\\/miguelhuertaspianista.adrirodrigoj4.es\\\/#organization\"},\"potentialAction\":[{\"@type\":\"SearchAction\",\"target\":{\"@type\":\"EntryPoint\",\"urlTemplate\":\"https:\\\/\\\/miguelhuertaspianista.adrirodrigoj4.es\\\/?s={search_term_string}\"},\"query-input\":{\"@type\":\"PropertyValueSpecification\",\"valueRequired\":true,\"valueName\":\"search_term_string\"}}],\"inLanguage\":\"en-US\"},{\"@type\":\"Organization\",\"@id\":\"https:\\\/\\\/miguelhuertaspianista.adrirodrigoj4.es\\\/#organization\",\"name\":\"Miguel Huertas Pianista\",\"url\":\"https:\\\/\\\/miguelhuertaspianista.adrirodrigoj4.es\\\/\",\"logo\":{\"@type\":\"ImageObject\",\"inLanguage\":\"en-US\",\"@id\":\"https:\\\/\\\/miguelhuertaspianista.adrirodrigoj4.es\\\/#\\\/schema\\\/logo\\\/image\\\/\",\"url\":\"https:\\\/\\\/miguelhuertaspianista.adrirodrigoj4.es\\\/wp-content\\\/uploads\\\/2025\\\/12\\\/mhc.webp\",\"contentUrl\":\"https:\\\/\\\/miguelhuertaspianista.adrirodrigoj4.es\\\/wp-content\\\/uploads\\\/2025\\\/12\\\/mhc.webp\",\"width\":500,\"height\":500,\"caption\":\"Miguel Huertas Pianista\"},\"image\":{\"@id\":\"https:\\\/\\\/miguelhuertaspianista.adrirodrigoj4.es\\\/#\\\/schema\\\/logo\\\/image\\\/\"}}]}<\/script>\n<!-- \/ Yoast SEO plugin. -->","yoast_head_json":{"title":"OBERTURA, POEMAS AMATORIOS Y CALAMBUR - Obra completa - Miguel Huertas Pianista","robots":{"index":"noindex","follow":"follow","max-snippet":"max-snippet:-1","max-image-preview":"max-image-preview:large","max-video-preview":"max-video-preview:-1"},"og_locale":"en_US","og_type":"article","og_title":"OBERTURA, POEMAS AMATORIOS Y CALAMBUR - Obra completa - Miguel Huertas Pianista","og_description":"Contiene: 1.- Colegiala 2.- Del heliotropo 3.- Canci\u00f3n, glosa y cuestiones 4.- \u00bfSabes que un papel\u2026? 5.- Calambur 6.- M\u00e1s fuerte que el amor  Fecha de composici\u00f3n: 2020\/2025 Instrumentaci\u00f3n: Mezzo, viola, y piano. A\u00f1adir caj\u00f3n opcional Duraci\u00f3n: 20 minutos","og_url":"https:\/\/miguelhuertaspianista.adrirodrigoj4.es\/en\/producto\/obertura-poemas-amatorios-y-calambur-obra-completa-impresa\/","og_site_name":"Miguel Huertas Pianista","article_modified_time":"2026-02-09T09:45:12+00:00","og_image":[{"width":1600,"height":1068,"url":"https:\/\/miguelhuertaspianista.adrirodrigoj4.es\/wp-content\/uploads\/2026\/02\/M-1075-2026-1.webp","type":"image\/jpeg"}],"twitter_card":"summary_large_image","twitter_misc":{"Est. reading time":"1 minute"},"schema":{"@context":"https:\/\/schema.org","@graph":[{"@type":"WebPage","@id":"https:\/\/miguelhuertaspianista.adrirodrigoj4.es\/producto\/obertura-poemas-amatorios-y-calambur-obra-completa-impresa\/","url":"https:\/\/miguelhuertaspianista.adrirodrigoj4.es\/producto\/obertura-poemas-amatorios-y-calambur-obra-completa-impresa\/","name":"OBERTURA, POEMAS AMATORIOS Y CALAMBUR - Obra completa - Miguel Huertas Pianista","isPartOf":{"@id":"https:\/\/miguelhuertaspianista.adrirodrigoj4.es\/#website"},"primaryImageOfPage":{"@id":"https:\/\/miguelhuertaspianista.adrirodrigoj4.es\/producto\/obertura-poemas-amatorios-y-calambur-obra-completa-impresa\/#primaryimage"},"image":{"@id":"https:\/\/miguelhuertaspianista.adrirodrigoj4.es\/producto\/obertura-poemas-amatorios-y-calambur-obra-completa-impresa\/#primaryimage"},"thumbnailUrl":"https:\/\/miguelhuertaspianista.adrirodrigoj4.es\/wp-content\/uploads\/2026\/02\/M-1075-2026-1.webp","datePublished":"2026-02-04T18:09:39+00:00","dateModified":"2026-02-09T09:45:12+00:00","breadcrumb":{"@id":"https:\/\/miguelhuertaspianista.adrirodrigoj4.es\/producto\/obertura-poemas-amatorios-y-calambur-obra-completa-impresa\/#breadcrumb"},"inLanguage":"en-US","potentialAction":[{"@type":"ReadAction","target":["https:\/\/miguelhuertaspianista.adrirodrigoj4.es\/producto\/obertura-poemas-amatorios-y-calambur-obra-completa-impresa\/"]}]},{"@type":"ImageObject","inLanguage":"en-US","@id":"https:\/\/miguelhuertaspianista.adrirodrigoj4.es\/producto\/obertura-poemas-amatorios-y-calambur-obra-completa-impresa\/#primaryimage","url":"https:\/\/miguelhuertaspianista.adrirodrigoj4.es\/wp-content\/uploads\/2026\/02\/M-1075-2026-1.webp","contentUrl":"https:\/\/miguelhuertaspianista.adrirodrigoj4.es\/wp-content\/uploads\/2026\/02\/M-1075-2026-1.webp","width":1600,"height":1068},{"@type":"BreadcrumbList","@id":"https:\/\/miguelhuertaspianista.adrirodrigoj4.es\/producto\/obertura-poemas-amatorios-y-calambur-obra-completa-impresa\/#breadcrumb","itemListElement":[{"@type":"ListItem","position":1,"name":"Portada","item":"https:\/\/miguelhuertaspianista.adrirodrigoj4.es\/"},{"@type":"ListItem","position":2,"name":"Tienda","item":"https:\/\/miguelhuertaspianista.adrirodrigoj4.es\/tienda\/"},{"@type":"ListItem","position":3,"name":"OBERTURA, POEMAS AMATORIOS Y CALAMBUR &#8211; Obra completa"}]},{"@type":"WebSite","@id":"https:\/\/miguelhuertaspianista.adrirodrigoj4.es\/#website","url":"https:\/\/miguelhuertaspianista.adrirodrigoj4.es\/","name":"Miguel Huertas Pianista","description":"","publisher":{"@id":"https:\/\/miguelhuertaspianista.adrirodrigoj4.es\/#organization"},"potentialAction":[{"@type":"SearchAction","target":{"@type":"EntryPoint","urlTemplate":"https:\/\/miguelhuertaspianista.adrirodrigoj4.es\/?s={search_term_string}"},"query-input":{"@type":"PropertyValueSpecification","valueRequired":true,"valueName":"search_term_string"}}],"inLanguage":"en-US"},{"@type":"Organization","@id":"https:\/\/miguelhuertaspianista.adrirodrigoj4.es\/#organization","name":"Miguel Huertas Pianista","url":"https:\/\/miguelhuertaspianista.adrirodrigoj4.es\/","logo":{"@type":"ImageObject","inLanguage":"en-US","@id":"https:\/\/miguelhuertaspianista.adrirodrigoj4.es\/#\/schema\/logo\/image\/","url":"https:\/\/miguelhuertaspianista.adrirodrigoj4.es\/wp-content\/uploads\/2025\/12\/mhc.webp","contentUrl":"https:\/\/miguelhuertaspianista.adrirodrigoj4.es\/wp-content\/uploads\/2025\/12\/mhc.webp","width":500,"height":500,"caption":"Miguel Huertas Pianista"},"image":{"@id":"https:\/\/miguelhuertaspianista.adrirodrigoj4.es\/#\/schema\/logo\/image\/"}}]}},"_links":{"self":[{"href":"https:\/\/miguelhuertaspianista.adrirodrigoj4.es\/en\/wp-json\/wp\/v2\/product\/2389","targetHints":{"allow":["GET"]}}],"collection":[{"href":"https:\/\/miguelhuertaspianista.adrirodrigoj4.es\/en\/wp-json\/wp\/v2\/product"}],"about":[{"href":"https:\/\/miguelhuertaspianista.adrirodrigoj4.es\/en\/wp-json\/wp\/v2\/types\/product"}],"version-history":[{"count":4,"href":"https:\/\/miguelhuertaspianista.adrirodrigoj4.es\/en\/wp-json\/wp\/v2\/product\/2389\/revisions"}],"predecessor-version":[{"id":2593,"href":"https:\/\/miguelhuertaspianista.adrirodrigoj4.es\/en\/wp-json\/wp\/v2\/product\/2389\/revisions\/2593"}],"wp:featuredmedia":[{"embeddable":true,"href":"https:\/\/miguelhuertaspianista.adrirodrigoj4.es\/en\/wp-json\/wp\/v2\/media\/2387"}],"wp:attachment":[{"href":"https:\/\/miguelhuertaspianista.adrirodrigoj4.es\/en\/wp-json\/wp\/v2\/media?parent=2389"}],"wp:term":[{"taxonomy":"product_brand","embeddable":true,"href":"https:\/\/miguelhuertaspianista.adrirodrigoj4.es\/en\/wp-json\/wp\/v2\/product_brand?post=2389"},{"taxonomy":"product_cat","embeddable":true,"href":"https:\/\/miguelhuertaspianista.adrirodrigoj4.es\/en\/wp-json\/wp\/v2\/product_cat?post=2389"},{"taxonomy":"product_tag","embeddable":true,"href":"https:\/\/miguelhuertaspianista.adrirodrigoj4.es\/en\/wp-json\/wp\/v2\/product_tag?post=2389"}],"curies":[{"name":"wp","href":"https:\/\/api.w.org\/{rel}","templated":true}]}}